{"id":1445,"date":"2016-11-24T18:08:55","date_gmt":"2016-11-24T18:08:55","guid":{"rendered":"https:\/\/amomoxtli.com\/our-rooms\/"},"modified":"2023-04-20T10:05:03","modified_gmt":"2023-04-20T15:05:03","slug":"our-rooms","status":"publish","type":"page","link":"https:\/\/amomoxtli.com\/en\/our-rooms\/","title":{"rendered":"Our rooms"},"content":{"rendered":"<section class=\"wpb-content-wrapper\">[vc_row full_width=&#8221;stretch_row_content&#8221; color_set=&#8221;black_section&#8221; transparent=&#8221;transparent&#8221; row_padding_bottom=&#8221;padding_bottom_none&#8221; el_class=&#8221;negative_margin_top_95_front&#8221; css=&#8221;.vc_custom_1565990816342{margin-right: 0px !important;margin-bottom: 0px !important;margin-left: 0px !important;}&#8221;][vc_column transparent=&#8221;transparent&#8221; offset=&#8221;vc_col-sm-offset-0&#8243;][vc_row_inner transparent=&#8221;transparent&#8221;][vc_column_inner el_class=&#8221;caja_sh&#8221; transparent=&#8221;transparent&#8221;][vc_column_text]\n<h1 class=\"fuente\" style=\"text-align: center;\">ROOMS<\/h1>\n[\/vc_column_text][\/vc_column_inner][\/vc_row_inner][vc_row_inner transparent=&#8221;transparent&#8221;][vc_column_inner width=&#8221;1\/6&#8243; offset=&#8221;vc_hidden-sm vc_hidden-xs&#8221;]\n[\/vc_column_inner][vc_column_inner width=&#8221;2\/3&#8243; offset=&#8221;vc_col-sm-offset-0 vc_col-xs-12&#8243; css=&#8221;.vc_custom_1530227315545{padding-right: 0px !important;padding-left: 0px !important;}&#8221;]<div class=\"wpb_content_element call_to_booking_sc frm_sh  vc_custom_1681339157908\"><form action=\"https:\/\/be.synxis.com\/\" method=\"get\" target=\"_self\">\n<div class=\"row\">\n\t\n\t\t<div class=\"col-md-3 col-sm-6\">\n\t\t\t<div class=\"form-group\">\n\t\t  \t\t<label>Check In<\/label>\n\t\t  \t\t<input type=\"text\" name=\"arrive\" value=\"\" id=\"date_check_in\" placeholder=\"Check In\">\n\t\t\t<\/div>\n\t\t<\/div>\n\n\n\t\n\t\t<div class=\"col-md-3 col-sm-6\">\n\t\t\t<div class=\"form-group\">\n\t\t  \t\t<label>Check Out<\/label>\n\t\t  \t\t<input type=\"text\" name=\"depart\" value=\"\" id=\"date_check_out\" placeholder=\"Check Out\">\n\t\t\t<\/div>\n\t\t<\/div>\n\n\n\t\n\n\n\n\t<div class=\"col-md-3 col-sm-6\">\n\t\t<div class=\"form-group\">\n\t\t\t<div class=\"select-arrow\"><\/div>\n\t\t\t<label>Adults<\/label>\n\t\t\t<select name=\"adult\" id=\"adults\">\n\t\t\t\t<option value=\"1\" selected>1<\/option>\n\t\t\t\t<option value=\"2\">2<\/option>\n\t\t\t\t<option value=\"3\">3<\/option>\n\t\t\t\t<option value=\"4\">4<\/option>\n\t\t\t\t<option value=\"5\">5<\/option>\n\t\t\t\t<option value=\"6\">6<\/option>\n\t\t\t<\/select>\n\t\t<\/div>\n\t<\/div>\n\t\n\t\t  \t\t<input type=\"hidden\" name=\"chain\" value=\"30260\" id=\"\" placeholder=\"\">\n\n\n\t\n\t\t  \t\t<input type=\"hidden\" name=\"hotel\" value=\"41299\" id=\"\" placeholder=\"\">\n\n\n\t\n\t\t  \t\t<input type=\"hidden\" name=\"hidden_field_3\" value=\"hidden_value_3\" id=\"\" placeholder=\"\">\n\n\n\t\n\t\t  \t\t<input type=\"hidden\" name=\"hidden_field_4\" value=\"hidden_value_4\" id=\"\" placeholder=\"\">\n\n\n\n\t<div class=\"col-md-3 col-sm-6\">\n\t\t<button type=\"submit\" class=\"btn btn-inv btn-lg btn-secondary sh\">BOOK NOW<\/button>\n\t<\/div>\n<\/div>\t\n<\/form><\/div>[\/vc_column_inner][vc_column_inner width=&#8221;1\/6&#8243; offset=&#8221;vc_hidden-sm vc_hidden-xs&#8221;][\/vc_column_inner][\/vc_row_inner][\/vc_column][\/vc_row][vc_row row_padding_top=&#8221;padding_top_none&#8221; row_padding_bottom=&#8221;padding_bottom_none&#8221;][vc_column width=&#8221;1\/2&#8243;][vc_column_text el_class=&#8221;text-justified&#8221;]Amomoxtli is a magical site, a boutique hotel in Tepoztl\u00e1n that celebrates rich local tradition. Our rooms are designed with luxury that inspires all the senses.[\/vc_column_text][\/vc_column][vc_column width=&#8221;1\/2&#8243;][vc_column_text el_class=&#8221;text-justified&#8221;]Down filled duvet, 350 thread cotton linens and local elements set the tone for wonderful rest.[\/vc_column_text][\/vc_column][\/vc_row][vc_row row_padding_top=&#8221;padding_top_none&#8221;][vc_column]<div class=\"heading_group_sc wpb_content_element subtitle_bottom    text-left\">\n\n\n    <h2 class=\"fuente\">Premium<\/h2>\n\n\n        <span class=\"subtitle\"><\/span>\n\n<\/div>[vc_column_text]Across gorgeous arches, a beautiful private garden leads you to your room, where you can take refuge for a liberating break. Las nuevas suites PREMIUM de Amomoxtli son espaciosas, elegantes con \u00e1reas de descanso y con decoraci\u00f3n contempor\u00e1nea de inspiraci\u00f3n Tepozteca. Con vistas parciales a la Sierra del Tepozteco y a los jardines de Amomoxtli, desde el PATIO o el BALC\u00d3N.[\/vc_column_text][vc_row_inner][vc_column_inner el_class=&#8221;text-center&#8221;]<div class=\"plethora_button wpb_content_element   text-center btn_inline\">\n    <a href=\"\/en\/our-rooms\/premium\/\" class=\" btn btn-warning  \" title=\"Habitacion premium\"  target=\"_self\">\n\n        \n        READ MORE\n        \n\n    <\/a>\n<\/div><div class=\"plethora_button wpb_content_element   text-center btn_inline\">\n    <a href=\"https:\/\/be.synxis.com\/?chain=30260&#038;hotel=41299\" class=\" btn btn-warning  \" title=\"Habitacion premium\"  target=\"_self\">\n\n        \n        BOOK NOW\n        \n\n    <\/a>\n<\/div>[\/vc_column_inner][\/vc_row_inner][vc_row_inner css=&#8221;.vc_custom_1508798701159{background-color: #ffffff !important;}&#8221;][vc_column_inner el_class=&#8221;contenedor_foto_boton&#8221; width=&#8221;1\/2&#8243;]<div class=\"heading_group_sc wpb_content_element subtitle_bottom    text-center\">\n\n\n    <h2 class=\"fuente\">Premium King Size<\/h2>\n<h3 class=\"fuente\"><em>con Patio<\/em><\/h3>\n\n\n        <span class=\"subtitle\"><\/span>\n\n<\/div>[vc_single_image image=&#8221;2408&#8243; img_size=&#8221;full&#8221;]<div class=\"plethora_button wpb_content_element  boton-foto text-center btn_inline\">\n    <a href=\"https:\/\/be.synxis.com\/?chain=30260&#038;hotel=41299\" class=\" btn btn-warning  \" title=\"Habitacion premium\"  target=\"_self\">\n\n        \n        BOOK NOW\n        \n\n    <\/a>\n<\/div>[\/vc_column_inner][vc_column_inner el_class=&#8221;contenedor_foto_boton&#8221; width=&#8221;1\/2&#8243;]<div class=\"heading_group_sc wpb_content_element subtitle_bottom    text-center\">\n\n\n    <h2 class=\"fuente\">Premium King Size<\/h2>\n<h3 class=\"fuente\"><em>con Balcon<\/em><\/h3>\n\n\n        <span class=\"subtitle\"><\/span>\n\n<\/div>[vc_single_image image=&#8221;2410&#8243; img_size=&#8221;full&#8221;]<div class=\"plethora_button wpb_content_element  boton-foto text-center btn_inline\">\n    <a href=\"https:\/\/be.synxis.com\/?chain=30260&#038;hotel=41299\" class=\" btn btn-warning  \" title=\"Habitacion premium\"  target=\"_self\">\n\n        \n        BOOK NOW\n        \n\n    <\/a>\n<\/div>[\/vc_column_inner][\/vc_row_inner][vc_empty_space][vc_row_inner css=&#8221;.vc_custom_1508798701159{background-color: #ffffff !important;}&#8221;][vc_column_inner el_class=&#8221;contenedor_foto_boton&#8221; width=&#8221;1\/2&#8243;]<div class=\"heading_group_sc wpb_content_element subtitle_bottom    text-center\">\n\n\n    <h2 class=\"fuente\">Premium Doble<\/h2>\n<h3 class=\"fuente\"><em>con Patio<\/em><\/h3>\n\n\n        <span class=\"subtitle\"><\/span>\n\n<\/div>[vc_single_image image=&#8221;2412&#8243; img_size=&#8221;full&#8221;]<div class=\"plethora_button wpb_content_element  boton-foto text-center btn_inline\">\n    <a href=\"https:\/\/be.synxis.com\/?chain=30260&#038;hotel=41299\" class=\" btn btn-warning  \" title=\"Habitacion premium\"  target=\"_self\">\n\n        \n        BOOK NOW\n        \n\n    <\/a>\n<\/div>[\/vc_column_inner][vc_column_inner el_class=&#8221;contenedor_foto_boton&#8221; width=&#8221;1\/2&#8243;]<div class=\"heading_group_sc wpb_content_element subtitle_bottom    text-center\">\n\n\n    <h2 class=\"fuente\">Premium Doble<\/h2>\n<h3 class=\"fuente\"><em>con Balcon<\/em><\/h3>\n\n\n        <span class=\"subtitle\"><\/span>\n\n<\/div>[vc_single_image image=&#8221;2414&#8243; img_size=&#8221;full&#8221;]<div class=\"plethora_button wpb_content_element  boton-foto text-center btn_inline\">\n    <a href=\"https:\/\/be.synxis.com\/?chain=30260&#038;hotel=41299\" class=\" btn btn-warning  \" title=\"Habitacion premium\"  target=\"_self\">\n\n        \n        BOOK NOW\n        \n\n    <\/a>\n<\/div>[\/vc_column_inner][\/vc_row_inner][vc_empty_space][vc_empty_space][vc_row_inner css=&#8221;.vc_custom_1508798701159{background-color: #ffffff !important;}&#8221;][vc_column_inner width=&#8221;1\/2&#8243;]<div class=\"heading_group_sc wpb_content_element subtitle_bottom    text-left\">\n\n\n    <h2 class=\"fuente\">STANDARD<\/h2>\n\n\n        <span class=\"subtitle\"><\/span>\n\n<\/div>[vc_column_text]Las habitaciones originales de la quinta, ubicadas en el \u00e1rea posterior o en un ala de la casa. Su espacio es peque\u00f1o, de decoraci\u00f3n sencilla, pero con el sello Amomoxtli y nuestras camas que son perfectas para el descanso.[\/vc_column_text][vc_empty_space]<div class=\"plethora_button wpb_content_element   text-center btn_inline\">\n    <a href=\"\/en\/our-rooms\/standard\/\" class=\" btn btn-warning  \" title=\"Habitacion standard\"  target=\"_self\">\n\n        \n        READ MORE\n        \n\n    <\/a>\n<\/div><div class=\"plethora_button wpb_content_element   text-center btn_inline\">\n    <a href=\"https:\/\/be.synxis.com\/?chain=30260&#038;hotel=41299\" class=\" btn btn-warning  \" title=\"Habitacion standard\"  target=\"_self\">\n\n        \n        BOOK NOW\n        \n\n    <\/a>\n<\/div>[\/vc_column_inner][vc_column_inner el_class=&#8221;contenedor_foto_boton&#8221; width=&#8221;1\/2&#8243;][vc_images_carousel images=&#8221;2417,862,865&#8243; img_size=&#8221;full&#8221; onclick=&#8221;link_no&#8221; autoplay=&#8221;yes&#8221; wrap=&#8221;yes&#8221;]<div class=\"plethora_button wpb_content_element  boton-foto text-center btn_inline\">\n    <a href=\"https:\/\/be.synxis.com\/?chain=30260&#038;hotel=41299\" class=\" btn btn-warning  \" title=\"Habitacion premium\"  target=\"_self\">\n\n        \n        BOOK NOW\n        \n\n    <\/a>\n<\/div>[\/vc_column_inner][\/vc_row_inner][vc_row_inner css=&#8221;.vc_custom_1508798701159{background-color: #ffffff !important;}&#8221;][vc_column_inner width=&#8221;1\/2&#8243;]<div class=\"heading_group_sc wpb_content_element subtitle_bottom    text-left\">\n\n\n    <h2 class=\"fuente\">DE LUJO<\/h2>\n\n\n        <span class=\"subtitle\"><\/span>\n\n<\/div>[vc_column_text]A spacious room, oriented to the beautiful Amomoxtli gardens, with all the comforts to ensure a restorative rest and a few days of inspiration in Tepoztlan.[\/vc_column_text][vc_empty_space]<div class=\"plethora_button wpb_content_element   text-center btn_inline\">\n    <a href=\"\/en\/our-rooms\/luxury\/\" class=\" btn btn-warning  \" title=\"Habitacion de lujo\"  target=\"_self\">\n\n        \n        READ MORE\n        \n\n    <\/a>\n<\/div><div class=\"plethora_button wpb_content_element   text-center btn_inline\">\n    <a href=\"https:\/\/be.synxis.com\/?chain=30260&#038;hotel=41299\" class=\" btn btn-warning  \" title=\"Habitacion standard\"  target=\"_self\">\n\n        \n        BOOK NOW\n        \n\n    <\/a>\n<\/div>[\/vc_column_inner][vc_column_inner el_class=&#8221;contenedor_foto_boton&#8221; width=&#8221;1\/2&#8243;][vc_images_carousel images=&#8221;2420,1013&#8243; img_size=&#8221;full&#8221; onclick=&#8221;link_no&#8221; autoplay=&#8221;yes&#8221; wrap=&#8221;yes&#8221;]<div class=\"plethora_button wpb_content_element  boton-foto text-center btn_inline\">\n    <a href=\"https:\/\/be.synxis.com\/?chain=30260&#038;hotel=41299\" class=\" btn btn-warning  \" title=\"Habitacion premium\"  target=\"_self\">\n\n        \n        BOOK NOW\n        \n\n    <\/a>\n<\/div>[\/vc_column_inner][\/vc_row_inner][vc_empty_space][vc_empty_space][vc_row_inner css=&#8221;.vc_custom_1508798701159{background-color: #ffffff !important;}&#8221;][vc_column_inner width=&#8221;1\/2&#8243;]<div class=\"heading_group_sc wpb_content_element subtitle_bottom    text-left\">\n\n\n    <h2 class=\"fuente\">COTTAGE<\/h2>\n\n\n        <span class=\"subtitle\"><\/span>\n\n<\/div>[vc_column_text]An enchanted corner, exclusive and magical, ideal to enjoy with family or close friends. Discover a luxurious country cabin with 3 rooms with private bathrooms, living area, and a terrace where you can relax with absolute privacy.[\/vc_column_text][vc_empty_space]<div class=\"plethora_button wpb_content_element   text-center btn_inline\">\n    <a href=\"\/en\/our-rooms\/cottage\/\" class=\" btn btn-warning  \" title=\"cottage\"  target=\"_self\">\n\n        \n        READ MORE\n        \n\n    <\/a>\n<\/div><div class=\"plethora_button wpb_content_element   text-center btn_inline\">\n    <a href=\"https:\/\/be.synxis.com\/?chain=30260&#038;hotel=41299\" class=\" btn btn-warning  \" title=\"Habitacion standard\"  target=\"_self\">\n\n        \n        BOOK NOW\n        \n\n    <\/a>\n<\/div>[\/vc_column_inner][vc_column_inner el_class=&#8221;contenedor_foto_boton&#8221; width=&#8221;1\/2&#8243;][vc_images_carousel images=&#8221;2422,1678,1015,1017&#8243; img_size=&#8221;full&#8221; onclick=&#8221;link_no&#8221; autoplay=&#8221;yes&#8221; wrap=&#8221;yes&#8221;]<div class=\"plethora_button wpb_content_element  boton-foto text-center btn_inline\">\n    <a href=\"https:\/\/be.synxis.com\/?chain=30260&#038;hotel=41299\" class=\" btn btn-warning  \" title=\"Habitacion premium\"  target=\"_self\">\n\n        \n        BOOK NOW\n        \n\n    <\/a>\n<\/div>[\/vc_column_inner][\/vc_row_inner][\/vc_column][\/vc_row][vc_row][vc_column][\/vc_column][\/vc_row]\n<\/section>","protected":false},"excerpt":{"rendered":"<p>[vc_row full_width=&#8221;stretch_row_content&#8221; color_set=&#8221;black_section&#8221; transparent=&#8221;transparent&#8221; row_padding_bottom=&#8221;padding_bottom_none&#8221; el_class=&#8221;negative_margin_top_95_front&#8221; css=&#8221;.vc_custom_1565990816342{margin-right: 0px !important;margin-bottom: 0px !important;margin-left: 0px !important;}&#8221;][vc_column transparent=&#8221;transparent&#8221; offset=&#8221;vc_col-sm-offset-0&#8243;][vc_row_inner transparent=&#8221;transparent&#8221;][vc_column_inner el_class=&#8221;caja_sh&#8221; transparent=&#8221;transparent&#8221;][vc_column_text] ROOMS [\/vc_column_text][\/vc_column_inner][\/vc_row_inner][vc_row_inner transparent=&#8221;transparent&#8221;][vc_column_inner width=&#8221;1\/6&#8243; offset=&#8221;vc_hidden-sm vc_hidden-xs&#8221;] [\/vc_column_inner][vc_column_inner width=&#8221;2\/3&#8243; offset=&#8221;vc_col-sm-offset-0 vc_col-xs-12&#8243; css=&#8221;.vc_custom_1530227315545{padding-right: 0px !important;padding-left: 0px !important;}&#8221;][\/vc_column_inner][vc_column_inner width=&#8221;1\/6&#8243; offset=&#8221;vc_hidden-sm vc_hidden-xs&#8221;][\/vc_column_inner][\/vc_row_inner][\/vc_column][\/vc_row][vc_row row_padding_top=&#8221;padding_top_none&#8221; row_padding_bottom=&#8221;padding_bottom_none&#8221;][vc_column width=&#8221;1\/2&#8243;][vc_column_text el_class=&#8221;text-justified&#8221;]Amomoxtli is a magical site, a boutique hotel in Tepoztl\u00e1n that celebrates rich local tradition. Our [&hellip;]<\/p>\n","protected":false},"author":1,"featured_media":2458,"parent":0,"menu_order":0,"comment_status":"closed","ping_status":"closed","template":"","meta":{"footnotes":""},"class_list":["post-1445","page","type-page","status-publish","has-post-thumbnail","hentry"],"_links":{"self":[{"href":"https:\/\/amomoxtli.com\/en\/wp-json\/wp\/v2\/pages\/1445","targetHints":{"allow":["GET"]}}],"collection":[{"href":"https:\/\/amomoxtli.com\/en\/wp-json\/wp\/v2\/pages"}],"about":[{"href":"https:\/\/amomoxtli.com\/en\/wp-json\/wp\/v2\/types\/page"}],"author":[{"embeddable":true,"href":"https:\/\/amomoxtli.com\/en\/wp-json\/wp\/v2\/users\/1"}],"replies":[{"embeddable":true,"href":"https:\/\/amomoxtli.com\/en\/wp-json\/wp\/v2\/comments?post=1445"}],"version-history":[{"count":23,"href":"https:\/\/amomoxtli.com\/en\/wp-json\/wp\/v2\/pages\/1445\/revisions"}],"predecessor-version":[{"id":4069,"href":"https:\/\/amomoxtli.com\/en\/wp-json\/wp\/v2\/pages\/1445\/revisions\/4069"}],"wp:featuredmedia":[{"embeddable":true,"href":"https:\/\/amomoxtli.com\/en\/wp-json\/wp\/v2\/media\/2458"}],"wp:attachment":[{"href":"https:\/\/amomoxtli.com\/en\/wp-json\/wp\/v2\/media?parent=1445"}],"curies":[{"name":"wp","href":"https:\/\/api.w.org\/{rel}","templated":true}]}}