{"id":1454,"date":"2018-01-17T15:26:07","date_gmt":"2018-01-17T20:26:07","guid":{"rendered":"https:\/\/amomoxtli.com\/our-rooms\/luxury\/"},"modified":"2023-04-20T10:06:57","modified_gmt":"2023-04-20T15:06:57","slug":"luxury","status":"publish","type":"page","link":"https:\/\/amomoxtli.com\/en\/our-rooms\/luxury\/","title":{"rendered":"LUXURY"},"content":{"rendered":"<section class=\"wpb-content-wrapper\">[vc_row full_width=&#8221;stretch_row_content&#8221; color_set=&#8221;black_section&#8221; transparent=&#8221;transparent&#8221; row_padding_bottom=&#8221;padding_bottom_none&#8221; el_class=&#8221;negative_margin_top_95_front&#8221; css=&#8221;.vc_custom_1566061656707{margin-right: 0px !important;margin-bottom: 0px !important;margin-left: 0px !important;}&#8221;][vc_column transparent=&#8221;transparent&#8221; offset=&#8221;vc_col-sm-offset-0&#8243;][vc_row_inner transparent=&#8221;transparent&#8221;][vc_column_inner el_class=&#8221;caja_sh&#8221; transparent=&#8221;transparent&#8221;][vc_column_text]\n<h1 class=\"fuente\" style=\"text-align: center;\">De lujo<\/h1>\n[\/vc_column_text][\/vc_column_inner][\/vc_row_inner][vc_row_inner transparent=&#8221;transparent&#8221;][vc_column_inner width=&#8221;1\/6&#8243; offset=&#8221;vc_hidden-sm vc_hidden-xs&#8221;]\n[\/vc_column_inner][vc_column_inner width=&#8221;2\/3&#8243; offset=&#8221;vc_col-sm-offset-0 vc_col-xs-12&#8243; css=&#8221;.vc_custom_1530227538240{padding-right: 0px !important;padding-left: 0px !important;}&#8221;]<div class=\"wpb_content_element call_to_booking_sc frm_sh  vc_custom_1681340600233\"><form action=\"https:\/\/be.synxis.com\/\" method=\"get\" target=\"_self\">\n<div class=\"row\">\n\t\n\t\t<div class=\"col-md-3 col-sm-6\">\n\t\t\t<div class=\"form-group\">\n\t\t  \t\t<label>Check In<\/label>\n\t\t  \t\t<input type=\"text\" name=\"arrive\" value=\"\" id=\"date_check_in\" placeholder=\"Check In\">\n\t\t\t<\/div>\n\t\t<\/div>\n\n\n\t\n\t\t<div class=\"col-md-3 col-sm-6\">\n\t\t\t<div class=\"form-group\">\n\t\t  \t\t<label>Check Out<\/label>\n\t\t  \t\t<input type=\"text\" name=\"depart\" value=\"\" id=\"date_check_out\" placeholder=\"Check Out\">\n\t\t\t<\/div>\n\t\t<\/div>\n\n\n\t\n\n\n\n\t<div class=\"col-md-3 col-sm-6\">\n\t\t<div class=\"form-group\">\n\t\t\t<div class=\"select-arrow\"><\/div>\n\t\t\t<label>Adults<\/label>\n\t\t\t<select name=\"adult\" id=\"adults\">\n\t\t\t\t<option value=\"1\" selected>1<\/option>\n\t\t\t\t<option value=\"2\">2<\/option>\n\t\t\t\t<option value=\"3\">3<\/option>\n\t\t\t\t<option value=\"4\">4<\/option>\n\t\t\t\t<option value=\"5\">5<\/option>\n\t\t\t\t<option value=\"6\">6<\/option>\n\t\t\t<\/select>\n\t\t<\/div>\n\t<\/div>\n\t\n\t\t  \t\t<input type=\"hidden\" name=\"chain\" value=\"30260\" id=\"\" placeholder=\"\">\n\n\n\t\n\t\t  \t\t<input type=\"hidden\" name=\"hotel\" value=\"41299\" id=\"\" placeholder=\"\">\n\n\n\t\n\t\t  \t\t<input type=\"hidden\" name=\"hidden_field_3\" value=\"hidden_value_3\" id=\"\" placeholder=\"\">\n\n\n\t\n\t\t  \t\t<input type=\"hidden\" name=\"hidden_field_4\" value=\"hidden_value_4\" id=\"\" placeholder=\"\">\n\n\n\n\t<div class=\"col-md-3 col-sm-6\">\n\t\t<button type=\"submit\" class=\"btn btn-inv btn-lg btn-secondary sh\">BOOK NOW<\/button>\n\t<\/div>\n<\/div>\t\n<\/form><\/div>[\/vc_column_inner][vc_column_inner width=&#8221;1\/6&#8243; offset=&#8221;vc_hidden-sm vc_hidden-xs&#8221;][\/vc_column_inner][\/vc_row_inner][\/vc_column][\/vc_row][vc_row row_padding_top=&#8221;padding_top_none&#8221; row_padding_bottom=&#8221;padding_bottom_none&#8221;][vc_column][vc_column_text el_class=&#8221;text-justified&#8221;]\n<h3>DE LUJO<\/h3>\n[\/vc_column_text][vc_column_text el_class=&#8221;text-justified&#8221;]Una amplia habitaci\u00f3n, con la arquitectura y mobiliario original de la casa, orientada a los hermosos jardines de Amomoxtli, con c\u00f3moda cama para asegurar un descanso restaurador y unos d\u00edas de inspiraci\u00f3n en Tepoztl\u00e1n.[\/vc_column_text][vc_column_text el_class=&#8221;text-justified&#8221;]\n<ul>\n<li>Cama king size<\/li>\n<li>Orientadas a los jardines<\/li>\n<li>Sill\u00f3n o sof\u00e1<\/li>\n<li>Calefactor<\/li>\n<li>Caja de seguridad<\/li>\n<li>Amenidades de ba\u00f1o org\u00e1nicas<\/li>\n<li>Bata de ba\u00f1o y sandalias<\/li>\n<li>Secadora y espejo de vanidad<\/li>\n<li>Capacidad m\u00e1xima 2 adultos<\/li>\n<\/ul>\n[\/vc_column_text][\/vc_column][\/vc_row][vc_row row_padding_top=&#8221;padding_top_none&#8221;][vc_column][\/vc_column][\/vc_row]\n<\/section>","protected":false},"excerpt":{"rendered":"<p>[vc_row full_width=&#8221;stretch_row_content&#8221; color_set=&#8221;black_section&#8221; transparent=&#8221;transparent&#8221; row_padding_bottom=&#8221;padding_bottom_none&#8221; el_class=&#8221;negative_margin_top_95_front&#8221; css=&#8221;.vc_custom_1566061656707{margin-right: 0px !important;margin-bottom: 0px !important;margin-left: 0px !important;}&#8221;][vc_column transparent=&#8221;transparent&#8221; offset=&#8221;vc_col-sm-offset-0&#8243;][vc_row_inner transparent=&#8221;transparent&#8221;][vc_column_inner el_class=&#8221;caja_sh&#8221; transparent=&#8221;transparent&#8221;][vc_column_text] De lujo [\/vc_column_text][\/vc_column_inner][\/vc_row_inner][vc_row_inner transparent=&#8221;transparent&#8221;][vc_column_inner width=&#8221;1\/6&#8243; offset=&#8221;vc_hidden-sm vc_hidden-xs&#8221;] [\/vc_column_inner][vc_column_inner width=&#8221;2\/3&#8243; offset=&#8221;vc_col-sm-offset-0 vc_col-xs-12&#8243; css=&#8221;.vc_custom_1530227538240{padding-right: 0px !important;padding-left: 0px !important;}&#8221;][\/vc_column_inner][vc_column_inner width=&#8221;1\/6&#8243; offset=&#8221;vc_hidden-sm vc_hidden-xs&#8221;][\/vc_column_inner][\/vc_row_inner][\/vc_column][\/vc_row][vc_row row_padding_top=&#8221;padding_top_none&#8221; row_padding_bottom=&#8221;padding_bottom_none&#8221;][vc_column][vc_column_text el_class=&#8221;text-justified&#8221;] DE LUJO [\/vc_column_text][vc_column_text el_class=&#8221;text-justified&#8221;]Una amplia habitaci\u00f3n, con la arquitectura y mobiliario original de la casa, [&hellip;]<\/p>\n","protected":false},"author":1,"featured_media":2308,"parent":1445,"menu_order":0,"comment_status":"closed","ping_status":"closed","template":"","meta":{"footnotes":""},"class_list":["post-1454","page","type-page","status-publish","has-post-thumbnail","hentry"],"_links":{"self":[{"href":"https:\/\/amomoxtli.com\/en\/wp-json\/wp\/v2\/pages\/1454","targetHints":{"allow":["GET"]}}],"collection":[{"href":"https:\/\/amomoxtli.com\/en\/wp-json\/wp\/v2\/pages"}],"about":[{"href":"https:\/\/amomoxtli.com\/en\/wp-json\/wp\/v2\/types\/page"}],"author":[{"embeddable":true,"href":"https:\/\/amomoxtli.com\/en\/wp-json\/wp\/v2\/users\/1"}],"replies":[{"embeddable":true,"href":"https:\/\/amomoxtli.com\/en\/wp-json\/wp\/v2\/comments?post=1454"}],"version-history":[{"count":16,"href":"https:\/\/amomoxtli.com\/en\/wp-json\/wp\/v2\/pages\/1454\/revisions"}],"predecessor-version":[{"id":4072,"href":"https:\/\/amomoxtli.com\/en\/wp-json\/wp\/v2\/pages\/1454\/revisions\/4072"}],"up":[{"embeddable":true,"href":"https:\/\/amomoxtli.com\/en\/wp-json\/wp\/v2\/pages\/1445"}],"wp:featuredmedia":[{"embeddable":true,"href":"https:\/\/amomoxtli.com\/en\/wp-json\/wp\/v2\/media\/2308"}],"wp:attachment":[{"href":"https:\/\/amomoxtli.com\/en\/wp-json\/wp\/v2\/media?parent=1454"}],"curies":[{"name":"wp","href":"https:\/\/api.w.org\/{rel}","templated":true}]}}