{"id":1458,"date":"2018-01-16T12:10:22","date_gmt":"2018-01-16T17:10:22","guid":{"rendered":"https:\/\/amomoxtli.com\/our-rooms\/premium\/"},"modified":"2023-04-20T10:05:38","modified_gmt":"2023-04-20T15:05:38","slug":"premium","status":"publish","type":"page","link":"https:\/\/amomoxtli.com\/en\/our-rooms\/premium\/","title":{"rendered":"Premium"},"content":{"rendered":"<section class=\"wpb-content-wrapper\">[vc_row full_width=&#8221;stretch_row_content&#8221; color_set=&#8221;black_section&#8221; transparent=&#8221;transparent&#8221; row_padding_bottom=&#8221;padding_bottom_none&#8221; el_class=&#8221;negative_margin_top_95_front&#8221; css=&#8221;.vc_custom_1565997576180{margin-right: 0px !important;margin-bottom: 0px !important;margin-left: 0px !important;}&#8221;][vc_column transparent=&#8221;transparent&#8221; offset=&#8221;vc_col-sm-offset-0&#8243;][vc_row_inner transparent=&#8221;transparent&#8221;][vc_column_inner el_class=&#8221;caja_sh&#8221; transparent=&#8221;transparent&#8221;][vc_column_text]\n<h1 class=\"fuente\" style=\"text-align: center;\">Premium<\/h1>\n[\/vc_column_text][\/vc_column_inner][\/vc_row_inner][vc_row_inner transparent=&#8221;transparent&#8221;][vc_column_inner width=&#8221;1\/6&#8243; offset=&#8221;vc_hidden-sm vc_hidden-xs&#8221;]\n[\/vc_column_inner][vc_column_inner width=&#8221;2\/3&#8243; offset=&#8221;vc_col-sm-offset-0 vc_col-xs-12&#8243; css=&#8221;.vc_custom_1530227612377{padding-right: 0px !important;padding-left: 0px !important;}&#8221;]<div class=\"wpb_content_element call_to_booking_sc frm_sh  vc_custom_1681340225552\"><form action=\"https:\/\/be.synxis.com\/\" method=\"get\" target=\"_self\">\n<div class=\"row\">\n\t\n\t\t<div class=\"col-md-3 col-sm-6\">\n\t\t\t<div class=\"form-group\">\n\t\t  \t\t<label>Check In<\/label>\n\t\t  \t\t<input type=\"text\" name=\"arrive\" value=\"\" id=\"date_check_in\" placeholder=\"Check In\">\n\t\t\t<\/div>\n\t\t<\/div>\n\n\n\t\n\t\t<div class=\"col-md-3 col-sm-6\">\n\t\t\t<div class=\"form-group\">\n\t\t  \t\t<label>Check Out<\/label>\n\t\t  \t\t<input type=\"text\" name=\"depart\" value=\"\" id=\"date_check_out\" placeholder=\"Check Out\">\n\t\t\t<\/div>\n\t\t<\/div>\n\n\n\t\n\n\n\n\t<div class=\"col-md-3 col-sm-6\">\n\t\t<div class=\"form-group\">\n\t\t\t<div class=\"select-arrow\"><\/div>\n\t\t\t<label>Adults<\/label>\n\t\t\t<select name=\"adult\" id=\"adults\">\n\t\t\t\t<option value=\"1\" selected>1<\/option>\n\t\t\t\t<option value=\"2\">2<\/option>\n\t\t\t\t<option value=\"3\">3<\/option>\n\t\t\t\t<option value=\"4\">4<\/option>\n\t\t\t\t<option value=\"5\">5<\/option>\n\t\t\t\t<option value=\"6\">6<\/option>\n\t\t\t<\/select>\n\t\t<\/div>\n\t<\/div>\n\t\n\t\t  \t\t<input type=\"hidden\" name=\"chain\" value=\"30260\" id=\"\" placeholder=\"\">\n\n\n\t\n\t\t  \t\t<input type=\"hidden\" name=\"hotel\" value=\"41299\" id=\"\" placeholder=\"\">\n\n\n\t\n\t\t  \t\t<input type=\"hidden\" name=\"hidden_field_3\" value=\"hidden_value_3\" id=\"\" placeholder=\"\">\n\n\n\t\n\t\t  \t\t<input type=\"hidden\" name=\"hidden_field_4\" value=\"hidden_value_4\" id=\"\" placeholder=\"\">\n\n\n\n\t<div class=\"col-md-3 col-sm-6\">\n\t\t<button type=\"submit\" class=\"btn btn-inv btn-lg btn-secondary sh\">BOOK NOW<\/button>\n\t<\/div>\n<\/div>\t\n<\/form><\/div>[\/vc_column_inner][vc_column_inner width=&#8221;1\/6&#8243; offset=&#8221;vc_hidden-sm vc_hidden-xs&#8221;][\/vc_column_inner][\/vc_row_inner][\/vc_column][\/vc_row][vc_row row_padding_top=&#8221;padding_top_none&#8221; row_padding_bottom=&#8221;padding_bottom_none&#8221;][vc_column]<div class=\"heading_group_sc wpb_content_element subtitle_bottom    text-left\">\n\n\n    <h3>Premium<\/h3>\n\n\n        <span class=\"subtitle\"><\/span>\n\n<\/div>[vc_column_text el_class=&#8221;text-justified&#8221;]Tras los hermosos arcos, un bello jard\u00edn privado te conduce a tu habitaci\u00f3n, en la que podr\u00e1s refugiarte para un descanso liberador. Las nuevas suites Premium de Amomoxtli son espaciosas, elegantes, con \u00e1reas de descanso y con decoraci\u00f3n contempor\u00e1nea de inspiraci\u00f3n Tepozteca. Con vistas parciales a la sierra del tepozteco y a los jardines de Amomoxtli, desde el PATIO o el BALC\u00d3N.[\/vc_column_text][vc_row_inner][vc_column_inner width=&#8221;1\/2&#8243;][vc_column_text el_class=&#8221;text-justified&#8221;]\n<ul>\n<li>Cama king size o dos camas queen size<\/li>\n<li>Jard\u00edn privado con tumbonas o balc\u00f3n<\/li>\n<li>Vista a los jardines de Amomoxtli<\/li>\n<li>Zona de estar abierta con sill\u00f3n y mesa para dos<\/li>\n<li>Aire Acondicionado<\/li>\n<li>Tel\u00e9fono, bocina Bluetooth<\/li>\n<li>Caja de seguridad<\/li>\n<\/ul>\n[\/vc_column_text][\/vc_column_inner][vc_column_inner width=&#8221;1\/2&#8243;][vc_column_text el_class=&#8221;text-justified&#8221;]\n<ul>\n<li>Regaderas de lluvia<\/li>\n<li>Lavabo doble<\/li>\n<li>Cuarto de W.C. independiente<\/li>\n<li>Amenidades de ba\u00f1o org\u00e1nicas<\/li>\n<li>Bata de ba\u00f1o y sandalias<\/li>\n<li>Secadora, espejo de vanidad<\/li>\n<li>Capacidad m\u00e1xima 3 adultos<\/li>\n<\/ul>\n[\/vc_column_text][\/vc_column_inner][\/vc_row_inner][vc_row_inner][vc_column_inner width=&#8221;1\/6&#8243;]<div class=\"heading_group_sc wpb_content_element subtitle_bottom    text-left\">\n\n\n    <h5><strong>+ PREMIUM<br \/>\nDOBLE<\/strong><br \/>\nCON<br \/>\nJARD\u00cdN<\/h5>\n\n\n        <span class=\"subtitle\"><\/span>\n\n<\/div>[\/vc_column_inner][vc_column_inner width=&#8221;1\/6&#8243;]<div class=\"heading_group_sc wpb_content_element subtitle_bottom    text-left\">\n\n\n    <h5><strong>+ PREMIUM<br \/>\nDOBLE<\/strong><br \/>\nCON<br \/>\nBALC\u00d3N<\/h5>\n\n\n        <span class=\"subtitle\"><\/span>\n\n<\/div>[\/vc_column_inner][vc_column_inner width=&#8221;1\/6&#8243;]<div class=\"heading_group_sc wpb_content_element subtitle_bottom    text-left\">\n\n\n    <h5><strong>+ PREMIUM<br \/>\nKING SIZE<\/strong><br \/>\nCON<br \/>\nJARD\u00cdN<\/h5>\n\n\n        <span class=\"subtitle\"><\/span>\n\n<\/div>[\/vc_column_inner][vc_column_inner width=&#8221;1\/6&#8243;]<div class=\"heading_group_sc wpb_content_element subtitle_bottom    text-left\">\n\n\n    <h5><strong>+ PREMIUM<br \/>\nKING SIZE<\/strong><br \/>\nCON<br \/>\nBALC\u00d3N<\/h5>\n\n\n        <span class=\"subtitle\"><\/span>\n\n<\/div>[\/vc_column_inner][vc_column_inner width=&#8221;1\/6&#8243;][\/vc_column_inner][vc_column_inner width=&#8221;1\/6&#8243;][\/vc_column_inner][\/vc_row_inner][\/vc_column][\/vc_row][vc_row row_padding_top=&#8221;padding_top_none&#8221;][vc_column][vc_row_inner css=&#8221;.vc_custom_1508798701159{background-color: #ffffff !important;}&#8221;][vc_column_inner][vc_images_carousel images=&#8221;1674,1673,1675&#8243; img_size=&#8221;full&#8221; onclick=&#8221;link_no&#8221; autoplay=&#8221;yes&#8221; wrap=&#8221;yes&#8221;][\/vc_column_inner][\/vc_row_inner][\/vc_column][\/vc_row]\n<\/section>","protected":false},"excerpt":{"rendered":"<p>[vc_row full_width=&#8221;stretch_row_content&#8221; color_set=&#8221;black_section&#8221; transparent=&#8221;transparent&#8221; row_padding_bottom=&#8221;padding_bottom_none&#8221; el_class=&#8221;negative_margin_top_95_front&#8221; css=&#8221;.vc_custom_1565997576180{margin-right: 0px !important;margin-bottom: 0px !important;margin-left: 0px !important;}&#8221;][vc_column transparent=&#8221;transparent&#8221; offset=&#8221;vc_col-sm-offset-0&#8243;][vc_row_inner transparent=&#8221;transparent&#8221;][vc_column_inner el_class=&#8221;caja_sh&#8221; transparent=&#8221;transparent&#8221;][vc_column_text] Premium [\/vc_column_text][\/vc_column_inner][\/vc_row_inner][vc_row_inner transparent=&#8221;transparent&#8221;][vc_column_inner width=&#8221;1\/6&#8243; offset=&#8221;vc_hidden-sm vc_hidden-xs&#8221;] [\/vc_column_inner][vc_column_inner width=&#8221;2\/3&#8243; offset=&#8221;vc_col-sm-offset-0 vc_col-xs-12&#8243; css=&#8221;.vc_custom_1530227612377{padding-right: 0px !important;padding-left: 0px !important;}&#8221;][\/vc_column_inner][vc_column_inner width=&#8221;1\/6&#8243; offset=&#8221;vc_hidden-sm vc_hidden-xs&#8221;][\/vc_column_inner][\/vc_row_inner][\/vc_column][\/vc_row][vc_row row_padding_top=&#8221;padding_top_none&#8221; row_padding_bottom=&#8221;padding_bottom_none&#8221;][vc_column][vc_column_text el_class=&#8221;text-justified&#8221;]Tras los hermosos arcos, un bello jard\u00edn privado te conduce a tu habitaci\u00f3n, en la que podr\u00e1s [&hellip;]<\/p>\n","protected":false},"author":1,"featured_media":2298,"parent":1445,"menu_order":0,"comment_status":"closed","ping_status":"closed","template":"","meta":{"footnotes":""},"class_list":["post-1458","page","type-page","status-publish","has-post-thumbnail","hentry"],"_links":{"self":[{"href":"https:\/\/amomoxtli.com\/en\/wp-json\/wp\/v2\/pages\/1458","targetHints":{"allow":["GET"]}}],"collection":[{"href":"https:\/\/amomoxtli.com\/en\/wp-json\/wp\/v2\/pages"}],"about":[{"href":"https:\/\/amomoxtli.com\/en\/wp-json\/wp\/v2\/types\/page"}],"author":[{"embeddable":true,"href":"https:\/\/amomoxtli.com\/en\/wp-json\/wp\/v2\/users\/1"}],"replies":[{"embeddable":true,"href":"https:\/\/amomoxtli.com\/en\/wp-json\/wp\/v2\/comments?post=1458"}],"version-history":[{"count":15,"href":"https:\/\/amomoxtli.com\/en\/wp-json\/wp\/v2\/pages\/1458\/revisions"}],"predecessor-version":[{"id":4070,"href":"https:\/\/amomoxtli.com\/en\/wp-json\/wp\/v2\/pages\/1458\/revisions\/4070"}],"up":[{"embeddable":true,"href":"https:\/\/amomoxtli.com\/en\/wp-json\/wp\/v2\/pages\/1445"}],"wp:featuredmedia":[{"embeddable":true,"href":"https:\/\/amomoxtli.com\/en\/wp-json\/wp\/v2\/media\/2298"}],"wp:attachment":[{"href":"https:\/\/amomoxtli.com\/en\/wp-json\/wp\/v2\/media?parent=1458"}],"curies":[{"name":"wp","href":"https:\/\/api.w.org\/{rel}","templated":true}]}}