{"id":1467,"date":"2017-10-26T12:11:16","date_gmt":"2017-10-26T17:11:16","guid":{"rendered":"https:\/\/amomoxtli.com\/culinary\/"},"modified":"2019-10-07T10:15:39","modified_gmt":"2019-10-07T15:15:39","slug":"culinary","status":"publish","type":"page","link":"https:\/\/amomoxtli.com\/en\/culinary\/","title":{"rendered":"Culinary"},"content":{"rendered":"<section class=\"wpb-content-wrapper\">[vc_row full_width=&#8221;stretch_row_content&#8221; color_set=&#8221;black_section&#8221; transparent=&#8221;transparent&#8221; row_padding_bottom=&#8221;padding_bottom_none&#8221; el_class=&#8221;negative_margin_top_95_front&#8221; css=&#8221;.vc_custom_1565812534321{margin-right: 0px !important;margin-bottom: 0px !important;margin-left: 0px !important;}&#8221;][vc_column transparent=&#8221;transparent&#8221; offset=&#8221;vc_col-sm-offset-0&#8243;][vc_row_inner transparent=&#8221;transparent&#8221;][vc_column_inner el_class=&#8221;caja_sh&#8221; transparent=&#8221;transparent&#8221;][vc_column_text]\n<h1 class=\"fuente\" style=\"text-align: center;\">CULINARY<\/h1>\n[\/vc_column_text][\/vc_column_inner][\/vc_row_inner][\/vc_column][\/vc_row][vc_row transparent=&#8221;transparent&#8221; css=&#8221;.vc_custom_1509036262271{margin-top: 0px !important;margin-bottom: 0px !important;padding-top: 0px !important;padding-bottom: 0px !important;background-color: #ffffff !important;}&#8221;][vc_column][vc_column_text el_class=&#8221;text-center&#8221;]\n<h1>WHAT DOES LOVE FOR THE EARTH AND WHAT IT PRODUCES TASTE LIKE?<\/h1>\n[\/vc_column_text][vc_row_inner][vc_column_inner width=&#8221;1\/2&#8243;][vc_column_text el_class=&#8221;text-justified&#8221;]At Amomoxtli we only use ingredients from Morelos to create an unrivalled gastronomic experience. Starting in our restaurant <a href=\"http:\/\/mesadeorigen.com\/\" target=\"_blank\" rel=\"noopener noreferrer\">Mesa de Origen<\/a>, a reference when looking where[\/vc_column_text][\/vc_column_inner][vc_column_inner width=&#8221;1\/2&#8243;][vc_column_text el_class=&#8221;text-justified&#8221;]to eat in Tepoztlan, and following with our Pool Bar with exquisite snacks and our culinary experiencies, the gastronomic journey in Amomoxtli is one of the best in Morelos, focused on restoring the soul and the body.[\/vc_column_text][\/vc_column_inner][\/vc_row_inner][vc_row_inner][vc_column_inner width=&#8221;1\/3&#8243;][vc_column_text]\n<h1>OUR<br \/>\nCULINARY<br \/>\nOPTIONS<\/h1>\n[\/vc_column_text][\/vc_column_inner][vc_column_inner width=&#8221;2\/3&#8243; css=&#8221;.vc_custom_1516643797808{border-left-width: 1px !important;border-left-color: #000000 !important;border-left-style: solid !important;}&#8221;][vc_column_text]\n<ul>\n<li>MESA DE ORIGEN RESTAURANT<\/li>\n<li>POOL BAR<\/li>\n<li>ROOM SERVICE<\/li>\n<li>ROMANTIC DINNERS AT OUR POND<\/li>\n<li>PRIVATE COCTAILS AND DINNERS AT MESA DE ORIGEN<\/li>\n<li>BAR DE LA CASA PRINCIPAL<\/li>\n<\/ul>\n[\/vc_column_text][\/vc_column_inner][\/vc_row_inner][\/vc_column][\/vc_row][vc_row full_width=&#8221;stretch_row_content&#8221; color_set=&#8221;black_section&#8221; transparent=&#8221;transparent&#8221; row_padding_bottom=&#8221;padding_bottom_none&#8221; el_class=&#8221;negative_margin_top_95_front&#8221; css=&#8221;.vc_custom_1565812534321{margin-right: 0px !important;margin-bottom: 0px !important;margin-left: 0px !important;}&#8221;][vc_column transparent=&#8221;transparent&#8221; offset=&#8221;vc_col-sm-offset-0&#8243;][vc_row_inner transparent=&#8221;transparent&#8221;][vc_column_inner el_class=&#8221;caja_mo&#8221; transparent=&#8221;transparent&#8221;][vc_single_image image=&#8221;2156&#8243; img_size=&#8221;full&#8221; alignment=&#8221;center&#8221;][\/vc_column_inner][\/vc_row_inner][\/vc_column][\/vc_row][vc_row transparent=&#8221;transparent&#8221; css=&#8221;.vc_custom_1509036262271{margin-top: 0px !important;margin-bottom: 0px !important;padding-top: 0px !important;padding-bottom: 0px !important;background-color: #ffffff !important;}&#8221;][vc_column][vc_row_inner][vc_column_inner width=&#8221;2\/3&#8243; offset=&#8221;vc_col-lg-offset-2 vc_col-sm-offset-2&#8243;][vc_images_carousel images=&#8221;2163,2159,2161,2165&#8243; img_size=&#8221;full&#8221; autoplay=&#8221;yes&#8221;][\/vc_column_inner][\/vc_row_inner]<div class=\"plethora_button wpb_content_element   text-center \">\n    <a href=\"https:\/\/mesadeorigen.com\" class=\" btn btn-inv btn-black  \" title=\"VISITAR SITIO\"  target=\"_self\">\n\n        \n        VISIT SITE\n        \n\n    <\/a>\n<\/div>[vc_column_text css=&#8221;.vc_custom_1566850649233{padding-right: 20px !important;padding-left: 20px !important;}&#8221;]At <a href=\"https:\/\/mesadeorigen.com\" target=\"_blank\" rel=\"noopener noreferrer\"><strong>Mesa de Origen<\/strong><\/a>, our restaurant in Tepoztl\u00e1n, we use only ingredients from Morelos. Many of them are the day\u2019s produce in the village market. We rescued ancestral family recipes and used traditional cooking methods such as tlecuil and the wood oven, to fill our kitchen with those aromas and flavors that remind us of our childhood. It is finding joy in simple things. We understand the life cycle of production, the relationship between the seasons, the land, the seed and the territory. The dishes, the architecture and the service make <a href=\"https:\/\/mesadeorigen.com\" target=\"_blank\" rel=\"noopener noreferrer\"><strong>Mesa de Origen<\/strong><\/a> one of the best restaurant options in Cuernavaca and its surroundings.<br \/>\n[\/vc_column_text][vc_row_inner][vc_column_inner width=&#8221;1\/3&#8243; offset=&#8221;vc_col-lg-offset-2 vc_col-sm-offset-2&#8243;]<div class=\"plethora_button wpb_content_element   text-center \">\n    <a href=\"#\" class=\" btn btn-inv btn-black  \" title=\"VISITAR SITIO\"  target=\"_self\">\n\n        \n        BREAKFAST MENU\n        \n\n    <\/a>\n<\/div>[\/vc_column_inner][vc_column_inner width=&#8221;1\/3&#8243;]<div class=\"plethora_button wpb_content_element   text-center \">\n    <a href=\"https:\/\/mesadeorigen.com\" class=\" btn btn-inv btn-black  \" title=\"VISITAR SITIO\"  target=\"_self\">\n\n        \n        DINNER MEN\u00da\n        \n\n    <\/a>\n<\/div>[\/vc_column_inner][\/vc_row_inner][vc_single_image image=&#8221;1714&#8243; img_size=&#8221;full&#8221; alignment=&#8221;center&#8221;][vc_column_text css=&#8221;.vc_custom_1566850718649{padding-right: 20px !important;padding-left: 20px !important;}&#8221; el_class=&#8221;text-center&#8221;]\n<h1>POOL<\/h1>\n[\/vc_column_text][vc_column_text css=&#8221;.vc_custom_1566850754080{padding-right: 20px !important;padding-left: 20px !important;}&#8221; el_class=&#8221;text-center&#8221;]At the pool, our guests enjoy one of the best views of the Tepozteco, framed by Amomoxtli\u2019s lush gardens: regional dishes, wood-fired pizza, fresh fruits and vegetables and original cocktails from our bar.<\/p>\n<p>For special occasions, private dinners by the Pond can make the scene for a memory that lasts a lifetime.[\/vc_column_text]<div class=\"plethora_button wpb_content_element   text-center \">\n    <a href=\"#\" class=\" btn btn-inv btn-black  \" title=\"VISITAR SITIO\"  target=\"_self\">\n\n        \n        POOL MENU\n        \n\n    <\/a>\n<\/div>[vc_single_image image=&#8221;1719&#8243; img_size=&#8221;full&#8221; alignment=&#8221;center&#8221;][vc_column_text css=&#8221;.vc_custom_1565820143222{padding-right: 20px !important;padding-left: 20px !important;}&#8221; el_class=&#8221;text-center&#8221;]\n<h1>CENAS ROM\u00c1NTICAS<\/h1>\n[\/vc_column_text][vc_column_text css=&#8221;.vc_custom_1565820337307{padding-right: 20px !important;padding-left: 20px !important;}&#8221; el_class=&#8221;text-center&#8221;]Cenas privadas para ocasiones especiales junto al estanque creando recuerdos para toda la vida. Decoraci\u00f3n con flores, velas y m\u00fasica de cuerdas, el encuadre perfecta para una gran celebraci\u00f3n en pareja.[\/vc_column_text]<div class=\"plethora_button wpb_content_element   text-center \">\n    <a href=\"#\" class=\" btn btn-inv btn-black  \" title=\"VISITAR SITIO\"  target=\"_self\">\n\n        \n        MEN\u00da MUESTRA\n        \n\n    <\/a>\n<\/div>[vc_single_image image=&#8221;2170&#8243; img_size=&#8221;full&#8221; alignment=&#8221;center&#8221; css_animation=&#8221;fadeIn&#8221;][vc_empty_space][vc_column_text css=&#8221;.vc_custom_1566850891287{padding-right: 20px !important;padding-left: 20px !important;}&#8221; el_class=&#8221;text-center&#8221;]\n<h1>HISTORY<\/h1>\n[\/vc_column_text][vc_column_text el_class=&#8221;text-center&#8221;]Morelos is a state rich in culture and history. Gastronomy is a reflection of such wealth: mushrooms when in season, Cecina salted meat, and corn, which is grown in all areas of town, including the communal lands of Tepozteco neighborhoods, have its roots in the pre-Hispanic past. Our restaurant in Tepoztl\u00e1n, a magical town of Morelos, honors this wealth, from which dozens of delicious dishes are born, such as pepita mole, Coatetelco bream, mole from Tlayacapan, tamales with coral tree flower and the delicious itacates (corn empanadas) of Tepoz.[\/vc_column_text][\/vc_column][\/vc_row]\n<\/section>","protected":false},"excerpt":{"rendered":"<p>[vc_row full_width=&#8221;stretch_row_content&#8221; color_set=&#8221;black_section&#8221; transparent=&#8221;transparent&#8221; row_padding_bottom=&#8221;padding_bottom_none&#8221; el_class=&#8221;negative_margin_top_95_front&#8221; css=&#8221;.vc_custom_1565812534321{margin-right: 0px !important;margin-bottom: 0px !important;margin-left: 0px !important;}&#8221;][vc_column transparent=&#8221;transparent&#8221; offset=&#8221;vc_col-sm-offset-0&#8243;][vc_row_inner transparent=&#8221;transparent&#8221;][vc_column_inner el_class=&#8221;caja_sh&#8221; transparent=&#8221;transparent&#8221;][vc_column_text] CULINARY [\/vc_column_text][\/vc_column_inner][\/vc_row_inner][\/vc_column][\/vc_row][vc_row transparent=&#8221;transparent&#8221; css=&#8221;.vc_custom_1509036262271{margin-top: 0px !important;margin-bottom: 0px !important;padding-top: 0px !important;padding-bottom: 0px !important;background-color: #ffffff !important;}&#8221;][vc_column][vc_column_text el_class=&#8221;text-center&#8221;] WHAT DOES LOVE FOR THE EARTH AND WHAT IT PRODUCES TASTE LIKE? [\/vc_column_text][vc_row_inner][vc_column_inner width=&#8221;1\/2&#8243;][vc_column_text el_class=&#8221;text-justified&#8221;]At Amomoxtli we only use ingredients from Morelos [&hellip;]<\/p>\n","protected":false},"author":1,"featured_media":2155,"parent":0,"menu_order":0,"comment_status":"closed","ping_status":"closed","template":"","meta":{"footnotes":""},"class_list":["post-1467","page","type-page","status-publish","has-post-thumbnail","hentry"],"_links":{"self":[{"href":"https:\/\/amomoxtli.com\/en\/wp-json\/wp\/v2\/pages\/1467","targetHints":{"allow":["GET"]}}],"collection":[{"href":"https:\/\/amomoxtli.com\/en\/wp-json\/wp\/v2\/pages"}],"about":[{"href":"https:\/\/amomoxtli.com\/en\/wp-json\/wp\/v2\/types\/page"}],"author":[{"embeddable":true,"href":"https:\/\/amomoxtli.com\/en\/wp-json\/wp\/v2\/users\/1"}],"replies":[{"embeddable":true,"href":"https:\/\/amomoxtli.com\/en\/wp-json\/wp\/v2\/comments?post=1467"}],"version-history":[{"count":19,"href":"https:\/\/amomoxtli.com\/en\/wp-json\/wp\/v2\/pages\/1467\/revisions"}],"predecessor-version":[{"id":2487,"href":"https:\/\/amomoxtli.com\/en\/wp-json\/wp\/v2\/pages\/1467\/revisions\/2487"}],"wp:featuredmedia":[{"embeddable":true,"href":"https:\/\/amomoxtli.com\/en\/wp-json\/wp\/v2\/media\/2155"}],"wp:attachment":[{"href":"https:\/\/amomoxtli.com\/en\/wp-json\/wp\/v2\/media?parent=1467"}],"curies":[{"name":"wp","href":"https:\/\/api.w.org\/{rel}","templated":true}]}}