{"id":1511,"date":"2018-01-17T12:20:33","date_gmt":"2018-01-17T17:20:33","guid":{"rendered":"https:\/\/amomoxtli.com\/professional-opportunities\/"},"modified":"2019-10-07T10:45:34","modified_gmt":"2019-10-07T15:45:34","slug":"professional-opportunities","status":"publish","type":"page","link":"https:\/\/amomoxtli.com\/en\/professional-opportunities\/","title":{"rendered":"Professional Opportunities"},"content":{"rendered":"<section class=\"wpb-content-wrapper\">[vc_row full_width=&#8221;stretch_row_content&#8221; color_set=&#8221;black_section&#8221; transparent=&#8221;transparent&#8221; row_padding_bottom=&#8221;padding_bottom_none&#8221; el_class=&#8221;negative_margin_top_95_front&#8221; css=&#8221;.vc_custom_1566074599268{margin-right: 0px !important;margin-bottom: 0px !important;margin-left: 0px !important;}&#8221;][vc_column transparent=&#8221;transparent&#8221; offset=&#8221;vc_col-sm-offset-0&#8243;][vc_row_inner transparent=&#8221;transparent&#8221;][vc_column_inner el_class=&#8221;caja_sh&#8221; transparent=&#8221;transparent&#8221;][vc_column_text]\n<h1 class=\"fuente\" style=\"text-align: center;\">PROFESSIONAL OPPORTUNITIES<\/h1>\n[\/vc_column_text][\/vc_column_inner][\/vc_row_inner][\/vc_column][\/vc_row][vc_row transparent=&#8221;transparent&#8221; row_padding_top=&#8221;padding_top_none&#8221; row_padding_bottom=&#8221;padding_bottom_none&#8221;][vc_column][vc_empty_space][vc_empty_space][\/vc_column][\/vc_row][vc_row row_padding_top=&#8221;padding_top_none&#8221;][vc_column][vc_row_inner][vc_column_inner width=&#8221;1\/2&#8243; align=&#8221;text-left&#8221;][vc_column_text el_class=&#8221;text-justified&#8221;]Con alma de Tepoztecos, nacidos aqu\u00ed o adoptados por la Sierra de Tepoztl\u00e1n, ponemos nuestro orgullo en crear el mejor hotel de la regi\u00f3n, con el car\u00e1cter de nuestra tierra, nuestra gentileza, misticismo y calidad. Aqu\u00ed hilvanamos, perfumamos y cocinamos hospitalidad aut\u00e9ntica.<br \/>\n\u00a1Buscamos gente con nuestra misma vocaci\u00f3n![\/vc_column_text][\/vc_column_inner][vc_column_inner width=&#8221;1\/2&#8243; align=&#8221;text-left&#8221;][accordion_father][accordion_son title=&#8221;<strong>VACANTES<\/strong> <small>Ver m\u00e1s<\/small>&#8221; clr=&#8221;#000000&#8243;][\/accordion_son][accordion_son title=&#8221;<strong>RECEPCIONISTA<\/strong> <small>Ver m\u00e1s<\/small>&#8221; clr=&#8221;#000000&#8243;]Lic. en Turismo o carrera af\u00edn entre 24 y 38 a\u00f1os, Ingl\u00e9s fluido. Experiencia de 1 a\u00f1o.[\/accordion_son][accordion_son title=&#8221;<strong>BELL BOY<\/strong> <small>Ver m\u00e1s<\/small>&#8221; clr=&#8221;#000000&#8243;]Lic. en Turismo o carrera af\u00edn entre 24 y 38 a\u00f1os, Ingl\u00e9s fluido. Experiencia de 1 a\u00f1o.[\/accordion_son][accordion_son title=&#8221;<strong>CAMARISTA<\/strong> <small>Ver m\u00e1s<\/small>&#8221; clr=&#8221;#000000&#8243;]Lic. en Turismo o carrera af\u00edn entre 24 y 38 a\u00f1os, Ingl\u00e9s fluido. Experiencia de 1 a\u00f1o.[\/accordion_son][accordion_son title=&#8221;<strong>MESERO<\/strong> <small>Ver m\u00e1s<\/small>&#8221; clr=&#8221;#000000&#8243;]Lic. en Turismo o carrera af\u00edn entre 24 y 38 a\u00f1os, Ingl\u00e9s fluido. Experiencia de 1 a\u00f1o.[\/accordion_son][\/accordion_father][\/vc_column_inner][\/vc_row_inner][vc_row_inner][vc_column_inner width=&#8221;2\/3&#8243; offset=&#8221;vc_col-lg-offset-2 vc_col-sm-offset-2&#8243;][vc_single_image image=&#8221;2365&#8243; img_size=&#8221;full&#8221; alignment=&#8221;center&#8221;][\/vc_column_inner][\/vc_row_inner][vc_row_inner][vc_column_inner width=&#8221;1\/3&#8243; offset=&#8221;vc_col-lg-offset-4 vc_col-sm-offset-4&#8243;]\n<div class=\"wpcf7 no-js\" id=\"wpcf7-f2528-o1\" lang=\"en-US\" dir=\"ltr\" data-wpcf7-id=\"2528\">\n<div class=\"screen-reader-response\"><p role=\"status\" aria-live=\"polite\" aria-atomic=\"true\"><\/p> <ul><\/ul><\/div>\n<form action=\"\/en\/wp-json\/wp\/v2\/pages\/1511#wpcf7-f2528-o1\" method=\"post\" class=\"wpcf7-form init\" aria-label=\"Contact form\" enctype=\"multipart\/form-data\" novalidate=\"novalidate\" data-status=\"init\">\n<fieldset class=\"hidden-fields-container\"><input type=\"hidden\" name=\"_wpcf7\" value=\"2528\" \/><input type=\"hidden\" name=\"_wpcf7_version\" value=\"6.1.5\" \/><input type=\"hidden\" name=\"_wpcf7_locale\" value=\"en_US\" \/><input type=\"hidden\" name=\"_wpcf7_unit_tag\" value=\"wpcf7-f2528-o1\" \/><input type=\"hidden\" name=\"_wpcf7_container_post\" value=\"0\" \/><input type=\"hidden\" name=\"_wpcf7_posted_data_hash\" value=\"\" \/><input type=\"hidden\" name=\"_wpcf7_recaptcha_response\" value=\"\" \/>\n<\/fieldset>\n<div class=\"row\">\n\t<div class=\"col-xs-12 col-md-6\">\n\t\t<p><span class=\"wpcf7-form-control-wrap\" data-name=\"yout-name\"><input size=\"40\" maxlength=\"400\" class=\"wpcf7-form-control wpcf7-text wpcf7-validates-as-required\" aria-required=\"true\" aria-invalid=\"false\" placeholder=\"NAME\" value=\"\" type=\"text\" name=\"yout-name\" \/><\/span>\n\t\t<\/p>\n\t<\/div>\n\t<div class=\"col-xs-12 col-md-6\">\n\t\t<p><span class=\"wpcf7-form-control-wrap\" data-name=\"apellido\"><input size=\"40\" maxlength=\"400\" class=\"wpcf7-form-control wpcf7-text wpcf7-validates-as-required\" aria-required=\"true\" aria-invalid=\"false\" placeholder=\"LAST NAME\" value=\"\" type=\"text\" name=\"apellido\" \/><\/span>\n\t\t<\/p>\n\t<\/div>\n\t<div class=\"col-xs-12 col-md-12\">\n\t\t<p><span class=\"wpcf7-form-control-wrap\" data-name=\"email\"><input size=\"40\" maxlength=\"400\" class=\"wpcf7-form-control wpcf7-email wpcf7-validates-as-required wpcf7-text wpcf7-validates-as-email\" aria-required=\"true\" aria-invalid=\"false\" placeholder=\"EMAIL\" value=\"\" type=\"email\" name=\"email\" \/><\/span>\n\t\t<\/p>\n\t<\/div>\n\t<div class=\"col-xs-12 col-md-12\">\n\t\t<p><span class=\"wpcf7-form-control-wrap\" data-name=\"telefono\"><input size=\"40\" maxlength=\"400\" class=\"wpcf7-form-control wpcf7-text wpcf7-validates-as-required\" aria-required=\"true\" aria-invalid=\"false\" placeholder=\"PHONE\" value=\"\" type=\"text\" name=\"telefono\" \/><\/span>\n\t\t<\/p>\n\t<\/div>\n\t<div class=\"col-xs-12 col-md-12\">\n\t\t<p><span class=\"wpcf7-form-control-wrap\" data-name=\"puesto\"><input size=\"40\" maxlength=\"400\" class=\"wpcf7-form-control wpcf7-text wpcf7-validates-as-required\" aria-required=\"true\" aria-invalid=\"false\" placeholder=\"POSITION OF INTEREST\" value=\"\" type=\"text\" name=\"puesto\" \/><\/span>\n\t\t<\/p>\n\t<\/div>\n\t<div class=\"col-xs-12 col-md-8\">\n\t\t<p><span class=\"wpcf7-form-control-wrap\" data-name=\"presentacion\"><input size=\"40\" class=\"wpcf7-form-control wpcf7-file\" accept=\".pdf,.jpg,.png\" aria-invalid=\"false\" type=\"file\" name=\"presentacion\" \/><\/span>\n\t\t<\/p>\n\t<\/div>\n\t<div class=\"col-xs-12 col-md-4\">\n\t\t<p><span class=\"wpcf7-form-control-wrap\" data-name=\"cv\"><input size=\"40\" class=\"wpcf7-form-control wpcf7-file\" accept=\".pdf,.jpg,.png\" aria-invalid=\"false\" type=\"file\" name=\"cv\" \/><\/span>\n\t\t<\/p>\n\t<\/div>\n\t<div class=\"col-xs-12 col-md-12 text-center\">\n\t\t<p><input class=\"wpcf7-form-control wpcf7-submit has-spinner\" type=\"submit\" value=\"Send\" \/>\n\t\t<\/p>\n\t<\/div>\n<\/div><input type='hidden' class='wpcf7-pum' value='{\"closepopup\":false,\"closedelay\":0,\"openpopup\":false,\"openpopup_id\":0}' \/><div class=\"wpcf7-response-output\" aria-hidden=\"true\"><\/div>\n<\/form>\n<\/div>\n[\/vc_column_inner][\/vc_row_inner][\/vc_column][\/vc_row]\n<\/section>","protected":false},"excerpt":{"rendered":"<p>[vc_row full_width=&#8221;stretch_row_content&#8221; color_set=&#8221;black_section&#8221; transparent=&#8221;transparent&#8221; row_padding_bottom=&#8221;padding_bottom_none&#8221; el_class=&#8221;negative_margin_top_95_front&#8221; css=&#8221;.vc_custom_1566074599268{margin-right: 0px !important;margin-bottom: 0px !important;margin-left: 0px !important;}&#8221;][vc_column transparent=&#8221;transparent&#8221; offset=&#8221;vc_col-sm-offset-0&#8243;][vc_row_inner transparent=&#8221;transparent&#8221;][vc_column_inner el_class=&#8221;caja_sh&#8221; transparent=&#8221;transparent&#8221;][vc_column_text] PROFESSIONAL OPPORTUNITIES [\/vc_column_text][\/vc_column_inner][\/vc_row_inner][\/vc_column][\/vc_row][vc_row transparent=&#8221;transparent&#8221; row_padding_top=&#8221;padding_top_none&#8221; row_padding_bottom=&#8221;padding_bottom_none&#8221;][vc_column][vc_empty_space][vc_empty_space][\/vc_column][\/vc_row][vc_row row_padding_top=&#8221;padding_top_none&#8221;][vc_column][vc_row_inner][vc_column_inner width=&#8221;1\/2&#8243; align=&#8221;text-left&#8221;][vc_column_text el_class=&#8221;text-justified&#8221;]Con alma de Tepoztecos, nacidos aqu\u00ed o adoptados por la Sierra de Tepoztl\u00e1n, ponemos nuestro orgullo en crear el mejor hotel de la regi\u00f3n, con el car\u00e1cter de [&hellip;]<\/p>\n","protected":false},"author":1,"featured_media":2363,"parent":0,"menu_order":0,"comment_status":"closed","ping_status":"closed","template":"","meta":{"footnotes":""},"class_list":["post-1511","page","type-page","status-publish","has-post-thumbnail","hentry"],"_links":{"self":[{"href":"https:\/\/amomoxtli.com\/en\/wp-json\/wp\/v2\/pages\/1511","targetHints":{"allow":["GET"]}}],"collection":[{"href":"https:\/\/amomoxtli.com\/en\/wp-json\/wp\/v2\/pages"}],"about":[{"href":"https:\/\/amomoxtli.com\/en\/wp-json\/wp\/v2\/types\/page"}],"author":[{"embeddable":true,"href":"https:\/\/amomoxtli.com\/en\/wp-json\/wp\/v2\/users\/1"}],"replies":[{"embeddable":true,"href":"https:\/\/amomoxtli.com\/en\/wp-json\/wp\/v2\/comments?post=1511"}],"version-history":[{"count":8,"href":"https:\/\/amomoxtli.com\/en\/wp-json\/wp\/v2\/pages\/1511\/revisions"}],"predecessor-version":[{"id":2529,"href":"https:\/\/amomoxtli.com\/en\/wp-json\/wp\/v2\/pages\/1511\/revisions\/2529"}],"wp:featuredmedia":[{"embeddable":true,"href":"https:\/\/amomoxtli.com\/en\/wp-json\/wp\/v2\/media\/2363"}],"wp:attachment":[{"href":"https:\/\/amomoxtli.com\/en\/wp-json\/wp\/v2\/media?parent=1511"}],"curies":[{"name":"wp","href":"https:\/\/api.w.org\/{rel}","templated":true}]}}