{"id":1535,"date":"2018-01-17T11:37:53","date_gmt":"2018-01-17T16:37:53","guid":{"rendered":"https:\/\/amomoxtli.com\/promotions\/"},"modified":"2026-02-18T08:36:30","modified_gmt":"2026-02-18T14:36:30","slug":"promociones","status":"publish","type":"page","link":"https:\/\/amomoxtli.com\/en\/promociones\/","title":{"rendered":"Promociones y Happenings"},"content":{"rendered":"<section class=\"wpb-content-wrapper\">[vc_row full_width=&#8221;stretch_row_content&#8221; color_set=&#8221;black_section&#8221; transparent=&#8221;transparent&#8221; row_padding_bottom=&#8221;padding_bottom_none&#8221; el_class=&#8221;negative_margin_top_95_front&#8221; css=&#8221;.vc_custom_1566077620835{margin-right: 0px !important;margin-bottom: 0px !important;margin-left: 0px !important;}&#8221;][vc_column transparent=&#8221;transparent&#8221; offset=&#8221;vc_col-sm-offset-0&#8243;][vc_row_inner transparent=&#8221;transparent&#8221;][vc_column_inner el_class=&#8221;caja_sh&#8221; transparent=&#8221;transparent&#8221;][vc_column_text]\n<h1 class=\"titulo_seccion_fuente\" style=\"text-align: center;\">PROMOCIONES<\/h1>\n[\/vc_column_text][\/vc_column_inner][\/vc_row_inner][\/vc_column][\/vc_row][vc_row][vc_column][vc_empty_space el_id=&#8221;anonuevo&#8221;][vc_empty_space el_id=&#8221;romantico&#8221;][vc_row_inner][vc_column_inner width=&#8221;7\/12&#8243;][vc_single_image image=&#8221;5278&#8243; img_size=&#8221;full&#8221;][\/vc_column_inner][vc_column_inner width=&#8221;5\/12&#8243;][vc_column_text]\n<h3 id=\"paqueteromantico\">ROMANTICO AMOMOXTLI<\/h3>\n<ul>\n<li>Dos noches de hospedaje<\/li>\n<li>Decoraci\u00f3n de habitaci\u00f3n a su llegada<\/li>\n<li>Tabla de quesos y botella de vino en habitaci\u00f3n<\/li>\n<li>Dos masajes en 80 minutos<\/li>\n<li>Yoga, meditaci\u00f3n y otras actividades del Programa Amomoxtli<\/li>\n<\/ul>\n[\/vc_column_text][vc_column_text]<strong>*Aplican t\u00e9rminos y condiciones<\/strong>[\/vc_column_text]<div class=\"plethora_button wpb_content_element   text-left \">\n    <a href=\"https:\/\/be.synxis.com\/?Hotel=41299&#038;Chain=30260&#038;locale=en-US&#038;arrive=2026-02-17&#038;depart=2026-02-19&#038;adult=2&#038;child=0&#038;promo=PQTRM\" class=\"btn-lg btn btn-inv btn-default  \" title=\"reserva ahora\"  target=\"_blank\">\n\n        \n        RESERVA AHORA\n        \n\n    <\/a>\n<\/div>[\/vc_column_inner][\/vc_row_inner][vc_empty_space el_id=&#8221;conlasamigas&#8221;][vc_row_inner][vc_column_inner width=&#8221;7\/12&#8243;][vc_single_image image=&#8221;5276&#8243; img_size=&#8221;full&#8221;][\/vc_column_inner][vc_column_inner width=&#8221;5\/12&#8243;][vc_column_text]\n<h3>A TEPOZ CON LAS AMIGAS<\/h3>\n[\/vc_column_text][vc_column_text]Para volver a ver a mis amigas<\/p>\n<ul>\n<li>Una noche de hospedaje en suite premium doble o King size<\/li>\n<li>Frutero de bienvenida y agua de cortes\u00eda<\/li>\n<li>Desayuno en mesa de origen a la carta<\/li>\n<li>Snack de media ma\u00f1ana en la piscina<\/li>\n<li>Actividades del programa Amomoxtli<\/li>\n<li>15% de descuento en masajes y temazcal<\/li>\n<\/ul>\n<p><strong>Tarifas especiales entre semana<\/strong>[\/vc_column_text][vc_column_text]<strong>*Aplican t\u00e9rminos y condiciones<\/strong>[\/vc_column_text]<div class=\"plethora_button wpb_content_element   text-left \">\n    <a href=\"https:\/\/wa.me\/message\/BUGCVKOC2SYOM1\" class=\"btn-lg btn btn-inv btn-default  \" title=\"reserva ahora\"  target=\"_self\">\n\n        \n        RESERVA AHORA\n        \n\n    <\/a>\n<\/div>[\/vc_column_inner][\/vc_row_inner][vc_empty_space el_id=&#8221;spaday&#8221;][vc_row_inner][vc_column_inner width=&#8221;7\/12&#8243;][vc_single_image image=&#8221;2353&#8243; img_size=&#8221;full&#8221;][\/vc_column_inner][vc_column_inner width=&#8221;5\/12&#8243;][vc_column_text]\n<h3>SPA DAY EN AMOMOXTLI<\/h3>\n[\/vc_column_text][vc_column_text]\n<ul>\n<li>Un tratamiento de SPA 80 min<\/li>\n<li>Acceso Actividades bajo del Programa Amomoxtli<\/li>\n<li>Acceso a la barra de t\u00e9s<\/li>\n<li>Acceso a la piscina<\/li>\n<li>Un desayuno en Mesa de Origen<\/li>\n<li>Comida de 3 tiempos junto a la piscina<\/li>\n<\/ul>\n[\/vc_column_text][vc_column_text]<strong>*Aplican t\u00e9rminos y condiciones<\/strong>[\/vc_column_text]<div class=\"plethora_button wpb_content_element   text-left \">\n    <a href=\"https:\/\/api.whatsapp.com\/message\/BUGCVKOC2SYOM1?autoload=1&#038;app_absent=0\" class=\"btn-lg btn btn-inv btn-default  \" title=\"reserva ahora\"  target=\"_self\">\n\n        \n        RESERVA AHORA\n        \n\n    <\/a>\n<\/div>[\/vc_column_inner][\/vc_row_inner][vc_empty_space el_id=&#8221;renovacion&#8221;][vc_row_inner][vc_column_inner width=&#8221;7\/12&#8243;][vc_single_image image=&#8221;5274&#8243; img_size=&#8221;full&#8221;][\/vc_column_inner][vc_column_inner width=&#8221;5\/12&#8243;][vc_column_text]\n<h3>TRILOGIA DE RENOVACI\u00d3N<\/h3>\n[\/vc_column_text][vc_column_text]Es momento de restaurar cuerpo, mente y esp\u00edritu<br \/>\nRituales ancestrales bajo la magia del tepozteco<\/p>\n<ul>\n<li>Dos noches de hospedaje<\/li>\n<li>Frutero de bienvenida y agua de cortes\u00eda<\/li>\n<li>Desayuno completo en mesa de origen<\/li>\n<li>Un facial de 50min en pareja<\/li>\n<li>Un ritual de 80min en pareja<\/li>\n<li>Una limpia energ\u00e9tica por persona<\/li>\n<li>Eye opener<\/li>\n<\/ul>\n[\/vc_column_text][vc_column_text]<strong>*Aplican t\u00e9rminos y condiciones<\/strong>[\/vc_column_text]<div class=\"plethora_button wpb_content_element   text-left \">\n    <a href=\"https:\/\/be.synxis.com\/?Hotel=41299&#038;Chain=30260&#038;arrive=2026-02-17&#038;depart=2026-02-19&#038;adult=2&#038;child=0&#038;promo=PQTSR\" class=\"btn-lg btn btn-inv btn-default  \" title=\"reserva ahora\"  target=\"_blank\">\n\n        \n        RESERVA AHORA\n        \n\n    <\/a>\n<\/div>[\/vc_column_inner][\/vc_row_inner][vc_empty_space][vc_row_inner disable_element=&#8221;yes&#8221;][vc_column_inner width=&#8221;7\/12&#8243;][vc_single_image image=&#8221;5280&#8243; img_size=&#8221;full&#8221;][\/vc_column_inner][vc_column_inner width=&#8221;5\/12&#8243;][vc_column_text]\n<h3>SOLO TRAVELER<\/h3>\n[\/vc_column_text][vc_column_text]Viajar en solitario es para encontrar a la mejor persona que podr\u00e1s conocer: T\u00fa mismo<\/p>\n<ul>\n<li>Estancia para una persona<\/li>\n<li>Desayuno a la carta mesa de origen<\/li>\n<li>Eye opener<\/li>\n<li>Yoga, meditaci\u00f3n y otras actividades del programa Amomoxtli<\/li>\n<li>$500 pesos de cr\u00e9dito en SPA por noche, no acumulable<\/li>\n<\/ul>\n<p><strong>Entre semana 30% off<br \/>\n<\/strong><strong>Fin de semana estancia minima dos noches 20% off<\/strong>[\/vc_column_text][vc_column_text]<small>Detalle de promoci\u00f3n<\/small><br \/>\n<small>Tarifa por noche, por habitaci\u00f3n, var\u00edan seg\u00fan fecha de llegada | Reserva y viaja entre hasta diciembre 19, 2025 | Prepago 100 % al momento de confirmar la reservaci\u00f3n | Aplican Blackout dates sujeta a cambios sin previo aviso | No aplica sobre paquetes u otras promociones | Amomoxtli es un Hotel solo para adultos, edad m\u00ednima requerida 13 a\u00f1os<\/small>[\/vc_column_text]<div class=\"plethora_button wpb_content_element   text-left btn_inline\">\n    <a href=\"https:\/\/api.whatsapp.com\/message\/BUGCVKOC2SYOM1?autoload=1&#038;app_absent=0\" class=\"btn-lg btn btn-inv btn-default  \" title=\"reserva ahora\"  target=\"_blank\">\n\n        \n        RESERVA AHORA\n        \n\n    <\/a>\n<\/div><div class=\"plethora_button wpb_content_element   text-left btn_inline\">\n    <a href=\"https:\/\/wa.me\/message\/BUGCVKOC2SYOM1\" class=\"btn-lg btn btn-inv btn-default  \" title=\"reserva ahora\"  target=\"_blank\">\n\n        \n        CONTACTO\n        \n\n    <\/a>\n<\/div>[\/vc_column_inner][\/vc_row_inner][vc_row_inner disable_element=&#8221;yes&#8221;][vc_column_inner width=&#8221;7\/12&#8243;][vc_single_image image=&#8221;4228&#8243; img_size=&#8221;full&#8221;][\/vc_column_inner][vc_column_inner width=&#8221;5\/12&#8243;][vc_column_text]\n<h3>VIAJA CERCA DE CASA<\/h3>\n<p>Tan cerca de casa para volver a apreciar el mundo exterior, nuestro ofrecimiento especial, incluyendo desayuno y actividades energ\u00e9ticas en grupos reducidos.<\/p>\n<ul>\n<li>Hasta 30% de Descuento.<\/li>\n<\/ul>\n[\/vc_column_text][vc_column_text]<small>Detalle de promoci\u00f3n<\/small><br \/>\n<small>Reserva y viaja hasta Diciembre 19, 2025 | Tarifa Sujeta a disponibilidad | Incluye desayunos y actividades bajo el Programa Semanal | Tarifa por noche por habitaci\u00f3n con base a ocupaci\u00f3n doble| Prepago 100% al momento de confirmar la reservaci\u00f3n | Aplican Blackout dates, sujeto a cambio sin previo aviso | No aplica sobre paquetes y otras promociones | Amomoxtli es un Hotel solo para adultos, edad m\u00ednima requerida 13 a\u00f1os | No aceptamos mascotas.<\/small>[\/vc_column_text]<div class=\"plethora_button wpb_content_element   text-left \">\n    <a href=\"https:\/\/be.synxis.com\/?chain=30260&#038;hotel=41299\" class=\"btn-lg btn btn-inv btn-default  \" title=\"reserva ahora\"  target=\"_blank\">\n\n        \n        RESERVA AHORA\n        \n\n    <\/a>\n<\/div>[\/vc_column_inner][\/vc_row_inner][vc_row_inner disable_element=&#8221;yes&#8221;][vc_column_inner width=&#8221;7\/12&#8243;][vc_single_image image=&#8221;2408&#8243; img_size=&#8221;full&#8221;][\/vc_column_inner][vc_column_inner width=&#8221;5\/12&#8243;][vc_column_text]\n<h3>PRE &#8211; SALE<\/h3>\n[\/vc_column_text][vc_column_text]Reserva con m\u00e1s de 60 d\u00edas de anticipaci\u00f3n y obt\u00e9n:<\/p>\n<p>33% de descuento domingo a jueves<br \/>\n20% de descuento viernes y s\u00e1bado[\/vc_column_text][vc_column_text]<small>Detalle de promoci\u00f3n<\/small><br \/>\n<small>Reserva y viaja hasta Diciembre 19, 2025 | Prepago 100% al momento de confirmar la reservaci\u00f3n | Incluye desayunos y actividades bajo el Programa Semanal | Tarifa por noche por habitaci\u00f3n en base a ocupaci\u00f3n sencilla o doble | Aplican Blackout dates, sujeto a cambio sin previo aviso| No aplica sobre paquetes y otras promociones| Amomoxtli es un Hotel solo para adultos, edad m\u00ednima requerida 13 a\u00f1os.<\/small>[\/vc_column_text]<div class=\"plethora_button wpb_content_element   text-left \">\n    <a href=\"https:\/\/be.synxis.com\/?chain=30260&#038;hotel=41299\" class=\"btn-lg btn btn-inv btn-default  \" title=\"reserva ahora\"  target=\"_blank\">\n\n        \n        RESERVA AHORA\n        \n\n    <\/a>\n<\/div>[\/vc_column_inner][\/vc_row_inner][\/vc_column][\/vc_row][vc_row disable_element=&#8221;yes&#8221; row_padding_top=&#8221;padding_top_1-4&#8243;][vc_column el_class=&#8221;text-center&#8221;][vc_empty_space height=&#8221;96px&#8221;][vc_empty_space height=&#8221;96px&#8221;][vc_row_inner disable_element=&#8221;yes&#8221;][vc_column_inner width=&#8221;7\/12&#8243;][vc_single_image image=&#8221;2314&#8243; img_size=&#8221;full&#8221;][\/vc_column_inner][vc_column_inner width=&#8221;5\/12&#8243;][vc_column_text]\n<h3>ENERO UN NUEVO COMIENZO&#8230;<\/h3>\n<ul>\n<li>Estancia para dos<\/li>\n<li>Desayuno americano incluido<\/li>\n<li>Amenidad de bienvenida<\/li>\n<li>Actividades programadas en el Hotel<\/li>\n<li>15% de Descuento en Temazcal<\/li>\n<\/ul>\n<p>Tarifas comienzan en 2,769MXN[\/vc_column_text][vc_column_text]<strong><em><small>Detalle de promoci\u00f3n<\/small><\/em><\/strong><br \/>\n<strong><em><small>Tarifa sujeta a 19.75% de impuestos y 10% de servicio | Para estancias de Domingo a Jueves| Sin estancia m\u00ednima requerida, aplican restricciones y black out dates.<\/small><\/em><\/strong>[\/vc_column_text]<div class=\"plethora_button wpb_content_element   text-left \">\n    <a href=\"https:\/\/app.thebookingbutton.com\/properties\/amomoxtlidirect\" class=\"btn-lg btn btn-inv btn-default  \" title=\"reserva ahora\"  target=\"_blank\">\n\n        \n        RESERVA AHORA\n        \n\n    <\/a>\n<\/div>[\/vc_column_inner][\/vc_row_inner][vc_row_inner disable_element=&#8221;yes&#8221;][vc_column_inner width=&#8221;7\/12&#8243;][vc_single_image image=&#8221;2394&#8243; img_size=&#8221;full&#8221;][\/vc_column_inner][vc_column_inner width=&#8221;5\/12&#8243;][vc_column_text]\n<h3>PROMOCI\u00d3N ENERO<\/h3>\n<p>Todo Enero hasta 15% de descuento en estancias de fin de semana.<\/p>\n[\/vc_column_text][vc_column_text]<em><strong><small>Detalle de promoci\u00f3n<\/small><br \/>\n<\/strong><\/em><em><strong><small>Para reservaciones entre 1 al 31 Enero , 2020 | Incluye desayuno a la carta para dos | Aplican blackout dates, sujeto a cambio sin previo aviso | No aplica sobre paquetes y otras promociones | Amomoxtli es un Hotel solo para adultos, edad m\u00ednima requerida 13 a\u00f1os.<\/small><br \/>\n<\/strong><\/em>[\/vc_column_text]<div class=\"plethora_button wpb_content_element   text-left \">\n    <a href=\"https:\/\/app.thebookingbutton.com\/properties\/amomoxtlidirect\" class=\"btn-lg btn btn-inv btn-default  \" title=\"reserva ahora\"  target=\"_blank\">\n\n        \n        RESERVA AHORA\n        \n\n    <\/a>\n<\/div>[\/vc_column_inner][\/vc_row_inner][vc_row_inner disable_element=&#8221;yes&#8221;][vc_column_inner width=&#8221;7\/12&#8243;][vc_single_image image=&#8221;2576&#8243; img_size=&#8221;full&#8221;][\/vc_column_inner][vc_column_inner width=&#8221;5\/12&#8243;][vc_column_text]\n<h3>EL RETO AL TEPOZTECO<\/h3>\n<h4>7 SEP 5:00 a 7:00 pm<\/h4>\n[\/vc_column_text][vc_column_text]En la v\u00edspera de la celebraci\u00f3n m\u00e1s importante de Tepoztl\u00e1n, hacemos el ascenso a La Cabeza del Jaguar, con una ceremonia de sonido para unirnos a la energ\u00eda del Tepozteco<\/p>\n<p>900 MXN por persona + 10% servicio[\/vc_column_text]<div class=\"plethora_button wpb_content_element   text-left \">\n    <a href=\"http:\/\/amomoxtli.com\/contacto\/\" class=\"btn-lg btn btn-inv btn-default  \" title=\"reserva ahora\"  target=\"_self\">\n\n        \n        CONTACTO\n        \n\n    <\/a>\n<\/div>[\/vc_column_inner][\/vc_row_inner][vc_row_inner disable_element=&#8221;yes&#8221;][vc_column_inner width=&#8221;7\/12&#8243;][vc_single_image image=&#8221;2578&#8243; img_size=&#8221;full&#8221;][\/vc_column_inner][vc_column_inner width=&#8221;5\/12&#8243;][vc_column_text]\n<h3>TEMAZCAL CEREMONIAL<\/h3>\n<h4>8 SEP 5:00 a 7:00 pm<\/h4>\n[\/vc_column_text][vc_column_text]Temazcal con ceremonia al Tepozteco<\/p>\n<p>1500 MXN por persona + servicio[\/vc_column_text]<div class=\"plethora_button wpb_content_element   text-left \">\n    <a href=\"http:\/\/amomoxtli.com\/contacto\/\" class=\"btn-lg btn btn-inv btn-default  \" title=\"reserva ahora\"  target=\"_self\">\n\n        \n        CONTACTO\n        \n\n    <\/a>\n<\/div>[\/vc_column_inner][\/vc_row_inner][vc_row_inner disable_element=&#8221;yes&#8221;][vc_column_inner width=&#8221;7\/12&#8243;][vc_single_image image=&#8221;2580&#8243; img_size=&#8221;full&#8221;][\/vc_column_inner][vc_column_inner width=&#8221;5\/12&#8243;][vc_column_text]\n<h3>CELEBRAMOS A M\u00c9XICO<\/h3>\n<h4>13 &#8211; 16 SEP<\/h4>\n[\/vc_column_text][vc_column_text]\n<table class=\"table table-condensed\">\n<tbody>\n<tr>\n<th>13 Sep &#8211; 7pm<\/th>\n<td><small>Degustaci\u00f3n de pulque Casa Principal<\/small><\/td>\n<\/tr>\n<tr>\n<th>14 Sep &#8211; 6:30pm<\/th>\n<td><small>Concierto de la Seren\u00edsima Tepozteca en el Estanque Bar de la Casa Principal**<\/small><\/td>\n<\/tr>\n<tr>\n<th>15 Sep &#8211; 8-10:30 am<\/th>\n<td><small>Desayuno Buffet Mexicano $450 (sin cargo a hu\u00e9spedes)<\/small><br \/>\n<small>6:30 pm Cockteles y canap\u00e9s con moles en Casa Principal**<\/small><br \/>\n<small>Obra de Artistas mexicanos pl\u00e1sticos invitados<\/small><br \/>\n<small>Desde 7:30 pm Men\u00fa de Degustaci\u00f3n en Mesa de Origen con Pulque, Mezcal y Vino $1200*<\/small><\/td>\n<\/tr>\n<\/tbody>\n<\/table>\n[\/vc_column_text][vc_column_text]<em><strong><small>Detalle de promoci\u00f3n<\/small><br \/>\n<\/strong><\/em><em><strong><small>Los precios son por persona en pesos mexicanos: | * Los marcados m\u00e1s 15% de servicio | ** Servicio de bar con precios a la carta<\/small><br \/>\n<\/strong><\/em>[\/vc_column_text]<div class=\"plethora_button wpb_content_element   text-left \">\n    <a href=\"http:\/\/amomoxtli.com\/contacto\/\" class=\"btn-lg btn btn-inv btn-default  \" title=\"reserva ahora\"  target=\"_self\">\n\n        \n        CONTACTO\n        \n\n    <\/a>\n<\/div>[\/vc_column_inner][\/vc_row_inner][vc_row_inner disable_element=&#8221;yes&#8221;][vc_column_inner width=&#8221;7\/12&#8243;][vc_single_image image=&#8221;2582&#8243; img_size=&#8221;full&#8221;][\/vc_column_inner][vc_column_inner width=&#8221;5\/12&#8243;][vc_column_text]\n<h3>CENA DE GALA Y M\u00daSICA<\/h3>\n<h4>15 SEP 8:00 a 10:00 pm<\/h4>\n[\/vc_column_text][vc_column_text]Celebramos a M\u00e9xico con m\u00fasica de tr\u00edo en Mesa de Origen[\/vc_column_text]<div class=\"plethora_button wpb_content_element   text-left \">\n    <a href=\"http:\/\/amomoxtli.com\/contacto\/\" class=\"btn-lg btn btn-inv btn-default  \" title=\"reserva ahora\"  target=\"_self\">\n\n        \n        CONTACTO\n        \n\n    <\/a>\n<\/div>[\/vc_column_inner][\/vc_row_inner][vc_row_inner disable_element=&#8221;yes&#8221;][vc_column_inner width=&#8221;7\/12&#8243;][vc_single_image image=&#8221;2584&#8243; img_size=&#8221;full&#8221;][\/vc_column_inner][vc_column_inner width=&#8221;5\/12&#8243;][vc_column_text]\n<h3>DESAYUNO MEXICANO<\/h3>\n<h4>16 SEP 8:00 a 10:00 am<\/h4>\n[\/vc_column_text][vc_column_text]Buffet mexicano en Mesa de Origen[\/vc_column_text]<div class=\"plethora_button wpb_content_element   text-left \">\n    <a href=\"http:\/\/amomoxtli.com\/contacto\/\" class=\"btn-lg btn btn-inv btn-default  \" title=\"reserva ahora\"  target=\"_self\">\n\n        \n        CONTACTO\n        \n\n    <\/a>\n<\/div>[\/vc_column_inner][\/vc_row_inner][vc_row_inner disable_element=&#8221;yes&#8221;][vc_column_inner width=&#8221;7\/12&#8243;][vc_single_image image=&#8221;2586&#8243; img_size=&#8221;full&#8221;][\/vc_column_inner][vc_column_inner width=&#8221;5\/12&#8243;][vc_column_text]\n<h3>LA SEMANA DE LA VIDA AL NATURAL<\/h3>\n<h4>23 &#8211; 26 SEP 8:00 a 10:00 pm<\/h4>\n[\/vc_column_text][vc_column_text]Exploraci\u00f3n de tu cuerpo, tu energ\u00eda y los sabores de la Tierra<\/p>\n<table class=\"table table-condensed\">\n<tbody>\n<tr>\n<th colspan=\"2\">Lunes<\/th>\n<\/tr>\n<tr>\n<th><small>11:30 am<\/small><\/th>\n<td><small>Rameada colectiva<\/small><\/td>\n<\/tr>\n<tr>\n<th><small>12 pm<\/small><\/th>\n<td><small>Temazcal $1100<\/small><\/td>\n<\/tr>\n<tr>\n<th><small>4 pm<\/small><\/th>\n<td><small>Caminata a la Monta\u00f1a con Meditaci\u00f3n &#8211; Ba\u00f1o de sol $250 pesos<\/small><\/td>\n<\/tr>\n<tr>\n<th><small>7 pm<\/small><\/th>\n<td><small>Yoga iYengar por Instructor Residente<\/small><\/td>\n<\/tr>\n<tr>\n<th colspan=\"2\">Martes<\/th>\n<\/tr>\n<tr>\n<th><small>8 am<\/small><\/th>\n<td><small>Meditaci\u00f3n al Despertar<\/small><\/td>\n<\/tr>\n<tr>\n<th><small>11 am<\/small><\/th>\n<td><small>Chi Kung con Trist\u00e1n Rebolledo<\/small><\/td>\n<\/tr>\n<tr>\n<th><small>2 pm<\/small><\/th>\n<td><small>Exploraci\u00f3n de Cocina al Natural $450 pesos*<\/small><\/td>\n<\/tr>\n<tr>\n<th><small>5 pm<\/small><\/th>\n<td><small>Meditaci\u00f3n con tambor cham\u00e1nico &#8211; Encontrando a tu animal de poder<\/small><\/td>\n<\/tr>\n<tr>\n<th colspan=\"2\">Jueves<\/th>\n<\/tr>\n<tr>\n<th><small>8 am<\/small><\/th>\n<td><small>Yoga Nidra<\/small><\/td>\n<\/tr>\n<tr>\n<th><small>11 am<\/small><\/th>\n<td><small>Yoga Profunda con Bindu de la Parra $200 pesos<\/small><\/td>\n<\/tr>\n<tr>\n<th><small>2 pm<\/small><\/th>\n<td><small>Exploraci\u00f3n de Cocina al Natural $450 pesos*<\/small><\/td>\n<\/tr>\n<tr>\n<th><small>5 pm<\/small><\/th>\n<td><small>Temazcal de las diosas Luna Nueva $1750 pesos<\/small><\/td>\n<\/tr>\n<\/tbody>\n<\/table>\n[\/vc_column_text][vc_column_text]<em><strong><small>Detalle de promoci\u00f3n<\/small><br \/>\n<\/strong><\/em><em><strong><small>Las actividades sin precio, son en cortes\u00eda para hu\u00e9spedes de Amomoxtli. El resto, indican precios en pesos mexicanos, por persona, m\u00e1s 10% de servicio. Day Pass a actividades $950 + servicio, no incluye alimentos ni actividades con precio y es acorde a horarios del programa diario<\/small><br \/>\n<\/strong><\/em>[\/vc_column_text]<div class=\"plethora_button wpb_content_element   text-left \">\n    <a href=\"http:\/\/amomoxtli.com\/contacto\/\" class=\"btn-lg btn btn-inv btn-default  \" title=\"reserva ahora\"  target=\"_self\">\n\n        \n        CONTACTO\n        \n\n    <\/a>\n<\/div>[\/vc_column_inner][\/vc_row_inner][vc_row_inner disable_element=&#8221;yes&#8221;][vc_column_inner width=&#8221;7\/12&#8243;][vc_single_image image=&#8221;2588&#8243; img_size=&#8221;full&#8221;][\/vc_column_inner][vc_column_inner width=&#8221;5\/12&#8243;][vc_column_text]\n<h3>D\u00cdA PREVIO A LA CELEBRACI\u00d3N DE SAN MIGUEL ARCANGEL<\/h3>\n<h4>28 SEP 4:00 pm<\/h4>\n[\/vc_column_text][vc_column_text]A tono con las fiestas de nuestro pueblo, seguimos las tradiciones locales:<\/p>\n<ul>\n<li>4 pm Elaboraci\u00f3n de cruces de flor.<\/li>\n<li>6 pm Elotiza en el Estanque.<\/li>\n<\/ul>\n[\/vc_column_text][vc_column_text]<em><strong><small>Detalle de promoci\u00f3n<\/small><br \/>\n<\/strong><\/em><em><strong><small>Las actividades sin precio, son en cortes\u00eda para hu\u00e9spedes de Amomoxtli. El resto, indican precios en pesos mexicanos, por persona, m\u00e1s 10% de servicio. Day Pass a actividades $950 + servicio, no incluye alimentos ni actividades con precio y es acorde a horarios del programa diario<\/small><br \/>\n<\/strong><\/em>[\/vc_column_text]<div class=\"plethora_button wpb_content_element   text-left \">\n    <a href=\"http:\/\/amomoxtli.com\/contacto\/\" class=\"btn-lg btn btn-inv btn-default  \" title=\"reserva ahora\"  target=\"_self\">\n\n        \n        CONTACTO\n        \n\n    <\/a>\n<\/div>[\/vc_column_inner][\/vc_row_inner][\/vc_column][\/vc_row]\n<\/section>","protected":false},"excerpt":{"rendered":"<p>[vc_row full_width=&#8221;stretch_row_content&#8221; color_set=&#8221;black_section&#8221; transparent=&#8221;transparent&#8221; row_padding_bottom=&#8221;padding_bottom_none&#8221; el_class=&#8221;negative_margin_top_95_front&#8221; css=&#8221;.vc_custom_1566077620835{margin-right: 0px !important;margin-bottom: 0px !important;margin-left: 0px !important;}&#8221;][vc_column transparent=&#8221;transparent&#8221; offset=&#8221;vc_col-sm-offset-0&#8243;][vc_row_inner transparent=&#8221;transparent&#8221;][vc_column_inner el_class=&#8221;caja_sh&#8221; transparent=&#8221;transparent&#8221;][vc_column_text] PROMOCIONES [\/vc_column_text][\/vc_column_inner][\/vc_row_inner][\/vc_column][\/vc_row][vc_row][vc_column][vc_empty_space el_id=&#8221;anonuevo&#8221;][vc_empty_space el_id=&#8221;romantico&#8221;][vc_row_inner][vc_column_inner width=&#8221;7\/12&#8243;][vc_single_image image=&#8221;5278&#8243; img_size=&#8221;full&#8221;][\/vc_column_inner][vc_column_inner width=&#8221;5\/12&#8243;][vc_column_text] ROMANTICO AMOMOXTLI Dos noches de hospedaje Decoraci\u00f3n de habitaci\u00f3n a su llegada Tabla de quesos y botella de vino en habitaci\u00f3n Dos masajes en 80 minutos Yoga, meditaci\u00f3n y [&hellip;]<\/p>\n","protected":false},"author":1,"featured_media":2435,"parent":0,"menu_order":0,"comment_status":"closed","ping_status":"closed","template":"","meta":{"footnotes":""},"class_list":["post-1535","page","type-page","status-publish","has-post-thumbnail","hentry"],"_links":{"self":[{"href":"https:\/\/amomoxtli.com\/en\/wp-json\/wp\/v2\/pages\/1535","targetHints":{"allow":["GET"]}}],"collection":[{"href":"https:\/\/amomoxtli.com\/en\/wp-json\/wp\/v2\/pages"}],"about":[{"href":"https:\/\/amomoxtli.com\/en\/wp-json\/wp\/v2\/types\/page"}],"author":[{"embeddable":true,"href":"https:\/\/amomoxtli.com\/en\/wp-json\/wp\/v2\/users\/1"}],"replies":[{"embeddable":true,"href":"https:\/\/amomoxtli.com\/en\/wp-json\/wp\/v2\/comments?post=1535"}],"version-history":[{"count":101,"href":"https:\/\/amomoxtli.com\/en\/wp-json\/wp\/v2\/pages\/1535\/revisions"}],"predecessor-version":[{"id":5475,"href":"https:\/\/amomoxtli.com\/en\/wp-json\/wp\/v2\/pages\/1535\/revisions\/5475"}],"wp:featuredmedia":[{"embeddable":true,"href":"https:\/\/amomoxtli.com\/en\/wp-json\/wp\/v2\/media\/2435"}],"wp:attachment":[{"href":"https:\/\/amomoxtli.com\/en\/wp-json\/wp\/v2\/media?parent=1535"}],"curies":[{"name":"wp","href":"https:\/\/api.w.org\/{rel}","templated":true}]}}