{"id":1598,"date":"2018-01-17T12:36:35","date_gmt":"2018-01-17T17:36:35","guid":{"rendered":"https:\/\/amomoxtli.com\/weddings\/"},"modified":"2026-03-03T14:34:45","modified_gmt":"2026-03-03T20:34:45","slug":"weddings","status":"publish","type":"page","link":"https:\/\/amomoxtli.com\/en\/weddings\/","title":{"rendered":"Weddings"},"content":{"rendered":"<section class=\"wpb-content-wrapper\">[vc_row full_width=&#8221;stretch_row_content&#8221; color_set=&#8221;black_section&#8221; transparent=&#8221;transparent&#8221; row_padding_bottom=&#8221;padding_bottom_none&#8221; css=&#8221;.vc_custom_1565727973290{margin-right: 0px !important;margin-bottom: 0px !important;margin-left: 0px !important;}&#8221; el_class=&#8221;negative_margin_top_95_front&#8221;][vc_column transparent=&#8221;transparent&#8221; offset=&#8221;vc_col-sm-offset-0&#8243;][vc_row_inner transparent=&#8221;transparent&#8221;][vc_column_inner el_class=&#8221;caja_sh&#8221; transparent=&#8221;transparent&#8221;][vc_column_text]\n<h1 class=\"fuente\" style=\"text-align: center;\">WEDDINGS<\/h1>\n[\/vc_column_text][\/vc_column_inner][\/vc_row_inner][\/vc_column][\/vc_row][vc_row row_padding_top=&#8221;padding_top_1-4&#8243;][vc_column][vc_column_text el_class=&#8221;text-center&#8221;]Amomoxtli means place of magic. Such are weddings in this scenario of great beauty and mysticism. Our Wedding Planner can organize a shamanic spiritual union, a traditional ceremony and an unforgettable party, respecting the local customs and creating for the bride and groom a celebration where every detail is supervised with love and dedication.[\/vc_column_text][vc_column_text el_class=&#8221;text-center&#8221;]\n<h1>Recepci\u00f3n y Banquetes<\/h1>\n[\/vc_column_text][vc_single_image image=&#8221;2117&#8243; img_size=&#8221;full&#8221; alignment=&#8221;center&#8221;][vc_column_text el_class=&#8221;text-center&#8221;]\n<h1>Jard\u00edn Piscina<\/h1>\n[\/vc_column_text][vc_row_inner][vc_column_inner width=&#8221;1\/2&#8243;][vc_single_image image=&#8221;2119&#8243; img_size=&#8221;full&#8221; alignment=&#8221;center&#8221;][vc_column_text el_class=&#8221;text-justified&#8221;]Entre la piscina, los naranjos y el escenario de la Sierra del Tepozteco, el lugar perfecto para el cocktail previo a la recepci\u00f3n, una fiesta de bienvenida o una boda al aire libre. [\/vc_column_text][\/vc_column_inner][vc_column_inner width=&#8221;1\/2&#8243;][vc_single_image image=&#8221;2121&#8243; img_size=&#8221;full&#8221; alignment=&#8221;center&#8221;][vc_column_text el_class=&#8221;text-justified&#8221;]Perfecto para una boda intima, desde 20 personas hasta 150. Este jard\u00edn es perfecto para una boda al aire libre. [\/vc_column_text][\/vc_column_inner][\/vc_row_inner][vc_column_text el_class=&#8221;text-center&#8221;]\n<h1>Jard\u00edn Principal<\/h1>\n[\/vc_column_text][vc_row_inner][vc_column_inner width=&#8221;1\/2&#8243;][vc_single_image image=&#8221;2124&#8243; img_size=&#8221;full&#8221; alignment=&#8221;center&#8221;][vc_column_text el_class=&#8221;text-justified&#8221;]La elegancia de un jard\u00edn cl\u00e1sico Tepozteco, abrazado por \u00e1rboles y con presencia de la Sierra del Tepozteco. Ideal para una recepci\u00f3n formal con tarima, carpas. El escenario perfecto para una boda inolvidable. [\/vc_column_text][\/vc_column_inner][vc_column_inner width=&#8221;1\/2&#8243;][vc_single_image image=&#8221;2126&#8243; img_size=&#8221;full&#8221; alignment=&#8221;center&#8221;][vc_column_text el_class=&#8221;text-justified&#8221;]Perfecto para una boda intima, desde 20 personas hasta 150. Este jard\u00edn es perfecto para una boda al aire libre. [\/vc_column_text][\/vc_column_inner][\/vc_row_inner][vc_column_text el_class=&#8221;text-center&#8221;]\n<h1>Casa Principal<\/h1>\n[\/vc_column_text][vc_row_inner][vc_column_inner width=&#8221;1\/2&#8243;][vc_single_image image=&#8221;2128&#8243; img_size=&#8221;full&#8221; alignment=&#8221;center&#8221;][vc_column_text el_class=&#8221;text-justified&#8221;]El se\u00f1or\u00edo y belleza de la casa pra un cocktail o cena \u00edntimos, donde la iluminaci\u00f3n, el romance y la coreograf\u00eda de nuestro servicio har\u00e1n un marco inolvidable para su evento.[\/vc_column_text][\/vc_column_inner][vc_column_inner width=&#8221;1\/2&#8243;][vc_single_image image=&#8221;2130&#8243; img_size=&#8221;full&#8221; alignment=&#8221;center&#8221;][vc_column_text el_class=&#8221;text-justified&#8221;]Perfecto para una boda intima, desde 20 personas hasta 150. Este jard\u00edn es perfecto para una boda al aire libre. [\/vc_column_text][\/vc_column_inner][\/vc_row_inner][vc_column_text el_class=&#8221;text-center&#8221;]\n<h1>Estanque<\/h1>\n[\/vc_column_text][vc_row_inner][vc_column_inner width=&#8221;1\/2&#8243;][vc_single_image image=&#8221;2132&#8243; img_size=&#8221;full&#8221; alignment=&#8221;center&#8221;][\/vc_column_inner][vc_column_inner width=&#8221;1\/2&#8243;][vc_single_image image=&#8221;2134&#8243; img_size=&#8221;full&#8221; alignment=&#8221;center&#8221;][\/vc_column_inner][\/vc_row_inner][vc_column_text el_class=&#8221;text-center&#8221;]\n<h1>Mesa de Origen<\/h1>\n[\/vc_column_text][vc_row_inner][vc_column_inner width=&#8221;1\/2&#8243;][vc_single_image image=&#8221;2136&#8243; img_size=&#8221;full&#8221; alignment=&#8221;center&#8221;][\/vc_column_inner][vc_column_inner width=&#8221;1\/2&#8243;][vc_single_image image=&#8221;2138&#8243; img_size=&#8221;full&#8221; alignment=&#8221;center&#8221;][\/vc_column_inner][\/vc_row_inner][vc_row_inner][vc_column_inner width=&#8221;2\/3&#8243; offset=&#8221;vc_col-lg-offset-2 vc_col-sm-offset-2&#8243;][vc_column_text el_class=&#8221;text-justified&#8221;]\n<table class=\"tabla_amomoxtli\">\n<thead>\n<tr>\n<th colspan=\"3\">\n<h4>Capacidad<\/h4>\n<\/th>\n<\/tr>\n<tr>\n<th style=\"width: 30%;\"><\/th>\n<th>CENA<\/th>\n<th>COCKTAIL<\/th>\n<\/tr>\n<\/thead>\n<tbody>\n<tr>\n<td class=\"borde\">CASA PRINCIPAL<\/td>\n<td>60 personas<\/td>\n<td>80 personas<\/td>\n<\/tr>\n<tr>\n<td class=\"borde\">ESTANQUE<\/td>\n<td>40 personas<\/td>\n<td>60 personas<\/td>\n<\/tr>\n<tr>\n<td class=\"borde\">JARD\u00cdN PRINCIPAL<\/td>\n<td>130 personas<\/td>\n<td>150 personas<\/td>\n<\/tr>\n<tr>\n<td class=\"borde\">JARD\u00cdN M\u00c1NDALA<\/td>\n<td>80 personas<\/td>\n<td>100 personas<\/td>\n<\/tr>\n<tr>\n<td class=\"borde\">MESA DE ORIGEN<\/td>\n<td>80 personas<\/td>\n<td>100 personas<\/td>\n<\/tr>\n<\/tbody>\n<\/table>\n[\/vc_column_text][\/vc_column_inner][\/vc_row_inner][vc_single_image image=&#8221;2143&#8243; img_size=&#8221;full&#8221; alignment=&#8221;center&#8221;][\/vc_column][\/vc_row][vc_section full_width=&#8221;stretch_row_content&#8221;][vc_row row_padding_bottom=&#8221;padding_bottom_none&#8221;][vc_column width=&#8221;1\/3&#8243;][vc_single_image image=&#8221;3549&#8243; img_size=&#8221;full&#8221; alignment=&#8221;center&#8221;][vc_column_text el_class=&#8221;text-center&#8221;]\n<h3>Boda \u00edntima entre semana<\/h3>\n[\/vc_column_text][vc_column_text el_class=&#8221;text-justified&#8221;]La promesa de la belleza de los jardines de Amomoxtli, en la intimidad que da una celebraci\u00f3n entre semana, en unos de los destinos m\u00e1s rom\u00e1nticos, Tepoztl\u00e1n. Una boda para centrarse en su celebraci\u00f3n personal.[\/vc_column_text][vc_column_text el_class=&#8221;text-justified&#8221;]\n<hr style=\"color: #000;\" \/>\n<p><span style=\"margin-top: 10px; display: block; margin-bottom: -8px;\">BODA \u00cdNTIMA ENTRE SEMANA<\/span><\/p>\n<hr style=\"color: #000;\" \/>\n[\/vc_column_text][vc_row_inner][vc_column_inner width=&#8221;1\/2&#8243; offset=&#8221;vc_col-lg-offset-0 vc_col-md-offset-0 vc_col-sm-offset-0&#8243;][vc_column_text]\n<h4>Incluye<\/h4>\n[\/vc_column_text][vc_column_text el_class=&#8221;text-justified&#8221;]\n<ul>\n<li>9 suites premium por 1 noche + 1 suite premium por 3 noches.<\/li>\n<li>Montaje de altar frente a la monta\u00f1a.<\/li>\n<li>Decoraci\u00f3n en mesas con flores locales.<\/li>\n<li>M\u00fasica de arpa o tr\u00edo por 1 hora.<\/li>\n<li>Degustaci\u00f3n para 2 personas.<\/li>\n<li>Espacio para sesi\u00f3n fotogr\u00e1fica.<\/li>\n<\/ul>\n[\/vc_column_text][\/vc_column_inner][vc_column_inner width=&#8221;1\/2&#8243; offset=&#8221;vc_col-lg-offset-0 vc_col-md-offset-0 vc_col-sm-offset-0&#8243;][vc_column_text]\n<h4>Recepci\u00f3n<\/h4>\n[\/vc_column_text][vc_column_text el_class=&#8221;text-justified&#8221;]\n<ul>\n<li>Para 20 personas<\/li>\n<li>Cocktail.<\/li>\n<li>Cena de 3 tiempos con 2 copas de vino por persona.<\/li>\n<li>Pastel de boda.<\/li>\n<li>1 copa de brindis con champagne.<\/li>\n<li>Petit fours.<\/li>\n<li>Desayuno en Mesa de Origen.<\/li>\n<\/ul>\n[\/vc_column_text][\/vc_column_inner][\/vc_row_inner][vc_column_text el_class=&#8221;text-justified&#8221;]<strong>SOLO DE DOMINGO A JUEVES<\/strong>[\/vc_column_text][\/vc_column][vc_column width=&#8221;1\/3&#8243;][vc_single_image image=&#8221;3551&#8243; img_size=&#8221;full&#8221; alignment=&#8221;center&#8221;][vc_column_text el_class=&#8221;text-center&#8221;]\n<h3>Luna de miel<\/h3>\n[\/vc_column_text][vc_column_text el_class=&#8221;text-center&#8221;]El destino m\u00e1s rom\u00e1ntico, en un ambiente donde los sonidos y los aromas de la naturaleza crean momentos de estar s\u00f3lo el uno para el otro.<\/p>\n<p>Nuestras maravillosas suites tienen el entorno perfecto para vivir en su propio espacio.[\/vc_column_text][vc_column_text el_class=&#8221;text-justified&#8221;]\n<hr \/>\n<p><span style=\"margin-top: 10px; display: block; margin-bottom: -8px;\">LUNA DE MIEL<\/span><\/p>\n<hr \/>\n[\/vc_column_text][vc_column_text]\n<h4>Incluye<\/h4>\n[\/vc_column_text][vc_column_text el_class=&#8221;text-justified&#8221;]\n<ul>\n<li>3 noches en una suite Premium con balc\u00f3n o terraza.<\/li>\n<li>Frutero, flores, botella de champagne y plato de quesos de bienvenida.<\/li>\n<li>Cena rom\u00e1ntica privada de 3 tiempos en El Estanque.<\/li>\n<li>Caminata con picnic de desayuno al Tepozteco.<\/li>\n<li>Caf\u00e9 y pan en la terraza cada ma\u00f1ana.<\/li>\n<li>Desayuno.<\/li>\n<li>Un ritual con masaje en parejas de 120 minutos en el Spa.<\/li>\n<li>Una limpia con ceremonia de los buenos deseos.<\/li>\n<\/ul>\n<p>&nbsp;<\/p>\n[\/vc_column_text][\/vc_column][vc_column width=&#8221;1\/3&#8243;][vc_single_image image=&#8221;3553&#8243; img_size=&#8221;full&#8221; alignment=&#8221;center&#8221;][vc_column_text el_class=&#8221;text-center&#8221;]\n<h3>Despedidas de Soltera<\/h3>\n[\/vc_column_text][vc_column_text el_class=&#8221;text-center&#8221;]\u00a1Tanto que celebrar entre amigas! \u00a1Este momento que es definitivo para una y que lleva la marca de cada una de las otras, llen\u00e1ndolas de gozo, risas, recuerdos y la certeza de que siguen ahi, juntas!<\/p>\n<p>Amomoxtli es el lugar para reunirse euna vez m\u00e1s para construir otro recuerdo que es tambi\u00e9n parte de esta nueva puerta para una de ustedes&#8230;[\/vc_column_text][vc_column_text el_class=&#8221;text-justified&#8221;]\n<hr \/>\n<p><span style=\"margin-top: 10px; display: block; margin-bottom: -8px;\">DESPEDIDA DE SOLTERA<\/span><\/p>\n<hr \/>\n[\/vc_column_text][vc_column_text]\n<h4>Incluye<\/h4>\n[\/vc_column_text][vc_column_text]\n<ul>\n<li>2 noches en Suites Premium compartidas (dobles).<\/li>\n<li>Una limpia colectiva.<\/li>\n<li>Una clase de yoga entre amigas.<\/li>\n<li>Un masaje de 50 minutos por persona.<\/li>\n<li>1 Ba\u00f1o de Mayahuel para la novia.<\/li>\n<li>1 Temazcal de Diosas.<\/li>\n<li>Desayunos.<\/li>\n<li>Una comida family style frente a la piscina.<\/li>\n<li>Una cena de 3 tiempos en Mesa de Origen con 1 copa de vino por persona.<\/li>\n<\/ul>\n<p><strong>A partir de 6 amigas<\/strong>[\/vc_column_text][\/vc_column][\/vc_row][\/vc_section][vc_row][vc_column width=&#8221;5\/6&#8243; offset=&#8221;vc_col-lg-offset-1 vc_col-md-offset-1&#8243; el_class=&#8221;contenedor_formulario&#8221;][vc_column_text el_class=&#8221;text-center&#8221;]\n<h3>SOLICITA TU COTIZACI\u00d3N<\/h3>\n[\/vc_column_text][vc_column_text el_class=&#8221;text-center&#8221;]<i>Para poder realizar una cotizaci\u00f3n adecuada, por favor completa todos los datos<\/i>[\/vc_column_text]\n<div class=\"wpcf7 no-js\" id=\"wpcf7-f3555-o1\" lang=\"en-US\" dir=\"ltr\" data-wpcf7-id=\"3555\">\n<div class=\"screen-reader-response\"><p role=\"status\" aria-live=\"polite\" aria-atomic=\"true\"><\/p> <ul><\/ul><\/div>\n<form action=\"\/en\/wp-json\/wp\/v2\/pages\/1598#wpcf7-f3555-o1\" method=\"post\" class=\"wpcf7-form init\" aria-label=\"Contact form\" novalidate=\"novalidate\" data-status=\"init\">\n<fieldset class=\"hidden-fields-container\"><input type=\"hidden\" name=\"_wpcf7\" value=\"3555\" \/><input type=\"hidden\" name=\"_wpcf7_version\" value=\"6.1.5\" \/><input type=\"hidden\" name=\"_wpcf7_locale\" value=\"en_US\" \/><input type=\"hidden\" name=\"_wpcf7_unit_tag\" value=\"wpcf7-f3555-o1\" \/><input type=\"hidden\" name=\"_wpcf7_container_post\" value=\"0\" \/><input type=\"hidden\" name=\"_wpcf7_posted_data_hash\" value=\"\" \/><input type=\"hidden\" name=\"_wpcf7_recaptcha_response\" value=\"\" \/>\n<\/fieldset>\n<p><label>Nombre Completo *<\/label><br \/>\n<span class=\"wpcf7-form-control-wrap\" data-name=\"your-name\"><input size=\"40\" maxlength=\"400\" class=\"wpcf7-form-control wpcf7-text wpcf7-validates-as-required\" aria-required=\"true\" aria-invalid=\"false\" value=\"\" type=\"text\" name=\"your-name\" \/><\/span><br \/>\n<label>Direcci\u00f3n de correo electr\u00f3nico *<\/label><br \/>\n<span class=\"wpcf7-form-control-wrap\" data-name=\"your-email\"><input size=\"40\" maxlength=\"400\" class=\"wpcf7-form-control wpcf7-email wpcf7-validates-as-required wpcf7-text wpcf7-validates-as-email\" aria-required=\"true\" aria-invalid=\"false\" value=\"\" type=\"email\" name=\"your-email\" \/><\/span><br \/>\n<label>Tel\u00e9fono *<\/label><br \/>\n<span class=\"wpcf7-form-control-wrap\" data-name=\"your-phone\"><input size=\"40\" maxlength=\"400\" class=\"wpcf7-form-control wpcf7-text wpcf7-validates-as-required\" aria-required=\"true\" aria-invalid=\"false\" value=\"\" type=\"text\" name=\"your-phone\" \/><\/span><br \/>\n<label>Numero de personas *<\/label><br \/>\n<span class=\"wpcf7-form-control-wrap\" data-name=\"personas\"><input size=\"40\" maxlength=\"400\" class=\"wpcf7-form-control wpcf7-text wpcf7-validates-as-required\" aria-required=\"true\" aria-invalid=\"false\" value=\"\" type=\"text\" name=\"personas\" \/><\/span><br \/>\n<label>Fecha estimada de la boda *<\/label><br \/>\n<span class=\"wpcf7-form-control-wrap\" data-name=\"fecha_boda\"><input size=\"40\" maxlength=\"400\" class=\"wpcf7-form-control wpcf7-text wpcf7-validates-as-required walcf7-datepicker\" aria-required=\"true\" aria-invalid=\"false\" value=\"\" type=\"text\" name=\"fecha_boda\" \/><\/span><br \/>\n<label>Comentarios *<\/label><br \/>\n<span class=\"wpcf7-form-control-wrap\" data-name=\"mensaje\"><textarea cols=\"40\" rows=\"10\" maxlength=\"2000\" class=\"wpcf7-form-control wpcf7-textarea wpcf7-validates-as-required\" aria-required=\"true\" aria-invalid=\"false\" name=\"mensaje\"><\/textarea><\/span><br \/>\n<button class=\"btn btn-primary item_centered\" type=\"submit\">\u00a1Enviar!<\/button>\n<\/p><input type='hidden' class='wpcf7-pum' value='{\"closepopup\":false,\"closedelay\":0,\"openpopup\":false,\"openpopup_id\":0}' \/><div class=\"wpcf7-response-output\" aria-hidden=\"true\"><\/div>\n<\/form>\n<\/div>\n[\/vc_column][\/vc_row]\n<\/section>","protected":false},"excerpt":{"rendered":"<p>[vc_row full_width=&#8221;stretch_row_content&#8221; color_set=&#8221;black_section&#8221; transparent=&#8221;transparent&#8221; row_padding_bottom=&#8221;padding_bottom_none&#8221; css=&#8221;.vc_custom_1565727973290{margin-right: 0px !important;margin-bottom: 0px !important;margin-left: 0px !important;}&#8221; el_class=&#8221;negative_margin_top_95_front&#8221;][vc_column transparent=&#8221;transparent&#8221; offset=&#8221;vc_col-sm-offset-0&#8243;][vc_row_inner transparent=&#8221;transparent&#8221;][vc_column_inner el_class=&#8221;caja_sh&#8221; transparent=&#8221;transparent&#8221;][vc_column_text] WEDDINGS [\/vc_column_text][\/vc_column_inner][\/vc_row_inner][\/vc_column][\/vc_row][vc_row row_padding_top=&#8221;padding_top_1-4&#8243;][vc_column][vc_column_text el_class=&#8221;text-center&#8221;]Amomoxtli means place of magic. Such are weddings in this scenario of great beauty and mysticism. Our Wedding Planner can organize a shamanic spiritual union, a traditional ceremony and an unforgettable party, respecting the [&hellip;]<\/p>\n","protected":false},"author":1,"featured_media":2116,"parent":0,"menu_order":0,"comment_status":"closed","ping_status":"closed","template":"","meta":{"footnotes":""},"class_list":["post-1598","page","type-page","status-publish","has-post-thumbnail","hentry"],"_links":{"self":[{"href":"https:\/\/amomoxtli.com\/en\/wp-json\/wp\/v2\/pages\/1598","targetHints":{"allow":["GET"]}}],"collection":[{"href":"https:\/\/amomoxtli.com\/en\/wp-json\/wp\/v2\/pages"}],"about":[{"href":"https:\/\/amomoxtli.com\/en\/wp-json\/wp\/v2\/types\/page"}],"author":[{"embeddable":true,"href":"https:\/\/amomoxtli.com\/en\/wp-json\/wp\/v2\/users\/1"}],"replies":[{"embeddable":true,"href":"https:\/\/amomoxtli.com\/en\/wp-json\/wp\/v2\/comments?post=1598"}],"version-history":[{"count":17,"href":"https:\/\/amomoxtli.com\/en\/wp-json\/wp\/v2\/pages\/1598\/revisions"}],"predecessor-version":[{"id":5504,"href":"https:\/\/amomoxtli.com\/en\/wp-json\/wp\/v2\/pages\/1598\/revisions\/5504"}],"wp:featuredmedia":[{"embeddable":true,"href":"https:\/\/amomoxtli.com\/en\/wp-json\/wp\/v2\/media\/2116"}],"wp:attachment":[{"href":"https:\/\/amomoxtli.com\/en\/wp-json\/wp\/v2\/media?parent=1598"}],"curies":[{"name":"wp","href":"https:\/\/api.w.org\/{rel}","templated":true}]}}