{"id":3273,"date":"2019-08-15T15:23:03","date_gmt":"2019-08-15T20:23:03","guid":{"rendered":"https:\/\/amomoxtli.com\/amomoxtli-experience\/"},"modified":"2026-04-06T09:33:41","modified_gmt":"2026-04-06T15:33:41","slug":"experiencia-amomoxtli","status":"publish","type":"page","link":"https:\/\/amomoxtli.com\/en\/experiencia-amomoxtli\/","title":{"rendered":"Experiencia Amomoxtli"},"content":{"rendered":"<section class=\"wpb-content-wrapper\">[vc_row full_width=&#8221;stretch_row_content&#8221; color_set=&#8221;black_section&#8221; transparent=&#8221;transparent&#8221; row_padding_bottom=&#8221;padding_bottom_none&#8221; el_class=&#8221;negative_margin_top_95_front&#8221; css=&#8221;.vc_custom_1565901246990{margin-right: 0px !important;margin-bottom: 0px !important;margin-left: 0px !important;}&#8221;][vc_column][vc_row_inner transparent=&#8221;transparent&#8221;][vc_column_inner el_class=&#8221;caja_sh&#8221;][vc_column_text]\n<h1 class=\"titulo_seccion_fuente\" style=\"text-align: center;\">Experiencia Amomoxtli<\/h1>\n<p><a href=\"javascript;\" name=\"diciembre\"><\/a>[\/vc_column_text][\/vc_column_inner][\/vc_row_inner][vc_empty_space][\/vc_column][\/vc_row][vc_row row_padding_bottom=&#8221;padding_bottom_none&#8221;][vc_column][vc_row_inner][vc_column_inner width=&#8221;1\/2&#8243;][vc_column_text el_class=&#8221;text-justified&#8221;]La conexi\u00f3n con nuestro entorno, nuestros silencios, los sentidos, el placer simple, el agradecimiento a nuestro cuerpo y el aprecio a las tradiciones son las que nos empujan[\/vc_column_text][\/vc_column_inner][vc_column_inner width=&#8221;1\/2&#8243;][vc_column_text el_class=&#8221;text-justified&#8221;]a promover actividades cada d\u00eda de la semana para invitarles a este encuentro. Muchas de las actividades de la semana Amomoxtli son en cortes\u00eda para nuestros hu\u00e9spedes.[\/vc_column_text][\/vc_column_inner][\/vc_row_inner][\/vc_column][\/vc_row][vc_row row_padding_bottom=&#8221;padding_bottom_none&#8221;][vc_column][vc_empty_space][vc_row_inner row_padding_bottom=&#8221;padding_bottom_none&#8221;][vc_column_inner][vc_column_text el_class=&#8221;text-justified titulo-exp&#8221; css=&#8221;.vc_custom_1775487498858{margin-top: 0px !important;margin-bottom: 0px !important;}&#8221;]\n<h2>ABRIL AMOMOXTLI<\/h2>\n[\/vc_column_text][vc_custom_heading text=&#8221;Abril florece en calma y conexi\u00f3n&#8221; font_container=&#8221;tag:h4|text_align:left&#8221; google_fonts=&#8221;font_family:Montserrat%3Aregular%2C700|font_style:400%20regular%3A400%3Anormal&#8221;][vc_empty_space height=&#8221;15px&#8221;][vc_column_text el_class=&#8221;table_responsive&#8221;]\n<table class=\"table table-condensed tabla-amomoxtli\">\n<thead>\n<tr>\n<th width=\"10%\">Evento<\/th>\n<th width=\"10%\">Fecha<\/th>\n<p><!--<\/p>\n\n\n\n\n<th>Hora<\/th>\n\n\n\n\n<p>--><\/p>\n<th>Descripci\u00f3n<\/th>\n<th width=\"20%\">Precio<\/th>\n<\/tr>\n<\/thead>\n<tbody>\n<tr>\n<td style=\"text-align: left;\">Ritual Ancestral<\/td>\n<td style=\"text-align: left;\">Todo el mes<\/td>\n<p><!--<\/p>\n\n\n\n\n<td style=\"text-align: left;\">8:00 AM<\/td>\n\n\n\n\n<p>--><\/p>\n<td>Inicia con un temazcal con hierbas, donde el calor y la tierra abren el cuerpo y liberan lo que ya no necesitas. Contin\u00faa con un cierre de pulso, para reorganizar tu energ\u00eda y llevarla de vuelta a tu centro, acompa\u00f1ado de musicoterapia que armoniza desde lo m\u00e1s profundo. Un tratamiento para soltar, equilibrar y reconectar contigo.<\/td>\n<td style=\"text-align: right;\">15% de descuento | SPA<\/td>\n<\/tr>\n<tr>\n<td style=\"text-align: left;\">Men\u00fa degustaci\u00f3n D\u00eda del Burrito<\/td>\n<td>2 al 5 de Abril<\/td>\n<p><!--<\/p>\n\n\n\n\n<td>Jard\u00edn Principal | 12:00 PM<\/td>\n\n\n\n\n<p>--><\/p>\n<td>Celebramos uno de los platillos m\u00e1s ic\u00f3nicos del norte de M\u00e9xico. Ven a probar nuestros burritos y disfruta de esta edici\u00f3n especial.<\/td>\n<td style=\"text-align: right;\">Mesa de Origen | Abierto al p\u00fablico<\/td>\n<\/tr>\n<tr>\n<td style=\"text-align: left;\">Noches de cine<\/td>\n<td style=\"text-align: left;\">4, 11, 18 y 25 de Abril | 20:00 hrs<\/td>\n<p><!--<\/p>\n\n\n\n\n<td style=\"text-align: left;\"><\/td>\n\n\n\n\n<p>--><\/p>\n<td>En la quietud de la noche, dehamos que las historias cobren vida.<\/td>\n<td style=\"text-align: right;\">Cortes\u00eda | Abierto al p\u00fablico<\/td>\n<\/tr>\n<tr>\n<td style=\"text-align: left;\">Aniversario de Morelos Men\u00fa conmemorativo<\/td>\n<td style=\"text-align: left;\">16 de Abril<\/td>\n<p><!--<\/p>\n\n\n\n\n<td style=\"text-align: left;\"><\/td>\n\n\n\n\n<p>--><\/p>\n<td>Un homenaje a la tierra, a sus ingredientes y a las manos morelenses que les dan vida.<\/td>\n<td style=\"text-align: right;\">Mesa de Origen | Abierto al p\u00fablico<\/td>\n<\/tr>\n<tr>\n<td style=\"text-align: left;\">Honrando a la madre tierra<\/td>\n<td style=\"text-align: left;\">22 de Abril<\/td>\n<p><!--<\/p>\n\n\n\n\n<td style=\"text-align: left;\"><\/td>\n\n\n\n\n<p>--><\/p>\n<td>Un encuentro para agradecer la vida y reconectar con lo esencial. Acomp\u00e1\u00f1anos a crear una ofrenda viva, con flores, semillas y frutos, como acto de gratitud a la tierra que nos sostiene.<\/td>\n<td style=\"text-align: right;\">Cortes\u00eda | Abierto al p\u00fablico<\/td>\n<\/tr>\n<tr>\n<td style=\"text-align: left;\">Cocinando comunidad Jocho en Mesa de Origen<\/td>\n<td style=\"text-align: left;\">24 al 29 de Abril<\/td>\n<p><!--<\/p>\n\n\n\n\n<td style=\"text-align: left;\"><\/td>\n\n\n\n\n<p>--><\/p>\n<td>En Cocinando Comunidad abrimos la cocina para compartir, crear y celebrar.Recibimos a Irving Araujo de Guayabos Grill, en un encuentro donde el sabor se vuelve conversaci\u00f3n.<\/td>\n<td style=\"text-align: right;\">Mesa de Origen | Abierto al p\u00fablico<\/td>\n<\/tr>\n<tr>\n<td style=\"text-align: left;\">Meditaci\u00f3n Guiada<\/td>\n<td style=\"text-align: left;\">30 de Abril | 17:00 hrs<\/td>\n<p><!--<\/p>\n\n\n\n\n<td style=\"text-align: left;\"><\/td>\n\n\n\n\n<p>--><\/p>\n<td>Un espacio para volver al origen: a la inocencia, a la alegr\u00eda, a ese ni\u00f1o interior que habita en nosotros. Acompa\u00f1ados por instrumentos que nos gu\u00edan hacia la calma.<\/td>\n<td style=\"text-align: right;\">$750 por persona<\/td>\n<\/tr>\n<\/tbody>\n<\/table>\n[\/vc_column_text]<div class=\"plethora_button wpb_content_element   text-center \">\n    <a href=\"https:\/\/be.synxis.com\/?chain=30260&#038;hotel=41299\" class=\"btn-lg btn btn-inv btn-default  \" title=\"Reserva Ahora\"  target=\"_self\">\n\n        \n        Reserva Ahora\n        \n\n    <\/a>\n<\/div>[vc_empty_space height=&#8221;48px&#8221;][\/vc_column_inner][\/vc_row_inner][\/vc_column][\/vc_row][vc_row row_padding_bottom=&#8221;padding_bottom_none&#8221; css=&#8221;.vc_custom_1704900953315{margin-bottom: 10px !important;border-bottom-width: 10px !important;}&#8221;][vc_column width=&#8221;1\/2&#8243;][vc_single_image image=&#8221;5511&#8243; img_size=&#8221;full&#8221; alignment=&#8221;center&#8221; onclick=&#8221;custom_link&#8221; img_link_target=&#8221;_blank&#8221; link=&#8221;https:\/\/wa.me\/message\/BUGCVKOC2SYOM1&#8243;][\/vc_column][vc_column width=&#8221;1\/2&#8243;][vc_single_image image=&#8221;5513&#8243; img_size=&#8221;full&#8221; alignment=&#8221;center&#8221; onclick=&#8221;custom_link&#8221; img_link_target=&#8221;_blank&#8221; link=&#8221;https:\/\/wa.me\/message\/BUGCVKOC2SYOM1&#8243;][\/vc_column][\/vc_row][vc_row row_padding_bottom=&#8221;padding_bottom_none&#8221; css=&#8221;.vc_custom_1704900953315{margin-bottom: 10px !important;border-bottom-width: 10px !important;}&#8221;][vc_column width=&#8221;1\/2&#8243;][vc_single_image image=&#8221;5517&#8243; img_size=&#8221;full&#8221; alignment=&#8221;center&#8221; onclick=&#8221;custom_link&#8221; img_link_target=&#8221;_blank&#8221; link=&#8221;https:\/\/wa.me\/message\/BUGCVKOC2SYOM1&#8243;][\/vc_column][vc_column width=&#8221;1\/2&#8243;][vc_single_image image=&#8221;5519&#8243; img_size=&#8221;full&#8221; alignment=&#8221;center&#8221; onclick=&#8221;custom_link&#8221; img_link_target=&#8221;_blank&#8221; link=&#8221;https:\/\/wa.me\/message\/BUGCVKOC2SYOM1&#8243;][\/vc_column][\/vc_row][vc_row row_padding_bottom=&#8221;padding_bottom_none&#8221; css=&#8221;.vc_custom_1704900953315{margin-bottom: 10px !important;border-bottom-width: 10px !important;}&#8221;][vc_column width=&#8221;1\/2&#8243;][vc_single_image image=&#8221;5521&#8243; img_size=&#8221;full&#8221; alignment=&#8221;center&#8221; onclick=&#8221;custom_link&#8221; img_link_target=&#8221;_blank&#8221; link=&#8221;https:\/\/wa.me\/message\/BUGCVKOC2SYOM1&#8243;][\/vc_column][vc_column width=&#8221;1\/2&#8243;][vc_single_image image=&#8221;5523&#8243; img_size=&#8221;full&#8221; alignment=&#8221;center&#8221; onclick=&#8221;custom_link&#8221; img_link_target=&#8221;_blank&#8221; link=&#8221;https:\/\/wa.me\/message\/BUGCVKOC2SYOM1&#8243;][\/vc_column][\/vc_row][vc_row row_padding_bottom=&#8221;padding_bottom_none&#8221; css=&#8221;.vc_custom_1704900953315{margin-bottom: 10px !important;border-bottom-width: 10px !important;}&#8221;][vc_column width=&#8221;1\/4&#8243;][\/vc_column][vc_column width=&#8221;1\/2&#8243;][vc_single_image image=&#8221;5525&#8243; img_size=&#8221;full&#8221; alignment=&#8221;center&#8221; onclick=&#8221;custom_link&#8221; img_link_target=&#8221;_blank&#8221; link=&#8221;https:\/\/wa.me\/message\/BUGCVKOC2SYOM1&#8243;][\/vc_column][\/vc_row][vc_row row_padding_bottom=&#8221;padding_bottom_none&#8221; css=&#8221;.vc_custom_1704900953315{margin-bottom: 10px !important;border-bottom-width: 10px !important;}&#8221;][vc_column width=&#8221;1\/2&#8243;][\/vc_column][vc_column width=&#8221;1\/2&#8243;][\/vc_column][\/vc_row][vc_row row_padding_bottom=&#8221;padding_bottom_none&#8221;][vc_column][vc_empty_space][vc_column_text el_class=&#8221;text-justified titulo-exp&#8221; css=&#8221;.vc_custom_1608220642248{margin-top: 0px !important;margin-bottom: 0px !important;}&#8221;]\n<h2>Semana Amomoxtli<\/h2>\n[\/vc_column_text][vc_empty_space][vc_row_inner][vc_column_inner el_class=&#8221;cajita&#8221; width=&#8221;1\/3&#8243;][mvc_flip_box height=&#8221;250&#8243; size=&#8221;25&#8243; descrsize=&#8221;18&#8243; front_bg=&#8221;#c3b7a1&#8243; title=&#8221;RAMEADA<br \/>\n<small>Inicio de Semana<\/small>&#8221; desc=&#8221;Lunes<br \/>\n<b>Ver Horarios<\/b>&#8221; color=&#8221;#ffffff&#8221; descrcolor=&#8221;#ffffff&#8221; bgcolor=&#8221;#01244a&#8221; class=&#8221;cajita rameada&#8221;]\n<h3 style=\"text-align: center;\">Lunes<\/h3>\n<p style=\"text-align: center;\">11:30 hrs<\/p>\n<p>&nbsp;<\/p>\n<p>&nbsp;<\/p>\n<p>&nbsp;<\/p>\n[\/mvc_flip_box][vc_empty_space][\/vc_column_inner][vc_column_inner el_class=&#8221;cajita&#8221; width=&#8221;1\/3&#8243;][mvc_flip_box height=&#8221;250&#8243; size=&#8221;25&#8243; descrsize=&#8221;18&#8243; front_bg=&#8221;#c3b7a1&#8243; title=&#8221;LA MAGIA<small>DE LOS INSTRUMENTOS<\/small>&#8221; desc=&#8221;Martes<br \/>\n<b>Ver Horarios<\/b>&#8221; color=&#8221;#ffffff&#8221; descrcolor=&#8221;#ffffff&#8221; bgcolor=&#8221;#01244a&#8221; class=&#8221;cajita magia&#8221;]\n<h3 style=\"text-align: center;\">Lunes<\/h3>\n<p style=\"text-align: center;\">11:30 hrs<\/p>\n[\/mvc_flip_box][vc_empty_space][\/vc_column_inner][vc_column_inner width=&#8221;1\/3&#8243;][mvc_flip_box height=&#8221;250&#8243; size=&#8221;25&#8243; descrsize=&#8221;18&#8243; front_bg=&#8221;#c3b7a1&#8243; title=&#8221;AUTOMASAJE<small>DE PIES<\/small>&#8221; desc=&#8221;MARTES<br \/>\n<b>Ver Horarios<\/b>&#8221; color=&#8221;#ffffff&#8221; descrcolor=&#8221;#ffffff&#8221; bgcolor=&#8221;#01244a&#8221; class=&#8221;cajita reflexologia&#8221;]\n<h3 style=\"text-align: center;\">Lunes<\/h3>\n<p style=\"text-align: center;\">11:30 hrs<\/p>\n<p>&nbsp;<\/p>\n[\/mvc_flip_box][vc_empty_space][\/vc_column_inner][\/vc_row_inner][vc_row_inner][vc_column_inner width=&#8221;1\/3&#8243;][mvc_flip_box height=&#8221;250&#8243; size=&#8221;25&#8243; descrsize=&#8221;18&#8243; front_bg=&#8221;#c3b7a1&#8243; title=&#8221;DESCANSO<small>CON AROMAS<\/small>&#8221; desc=&#8221;MI\u00c9RCOLES<br \/>\n<b>Ver Horarios<\/b>&#8221; color=&#8221;#ffffff&#8221; descrcolor=&#8221;#ffffff&#8221; bgcolor=&#8221;#01244a&#8221; class=&#8221;cajita aromas&#8221;]\n<h3 style=\"text-align: center;\">Lunes<\/h3>\n<p style=\"text-align: center;\">11:30 hrs<\/p>\n[\/mvc_flip_box][vc_empty_space][\/vc_column_inner][vc_column_inner el_class=&#8221;cajita&#8221; width=&#8221;1\/3&#8243;][mvc_flip_box height=&#8221;250&#8243; size=&#8221;25&#8243; descrsize=&#8221;18&#8243; front_bg=&#8221;#c3b7a1&#8243; title=&#8221;RECOLECCI\u00d3N<small>DE HOJAS Y FLORES PARA INFUSI\u00d3N<\/small>&#8221; desc=&#8221;Jueves<br \/>\n<b>Ver Horarios<\/b>&#8221; color=&#8221;#ffffff&#8221; descrcolor=&#8221;#ffffff&#8221; bgcolor=&#8221;#01244a&#8221; class=&#8221;cajita hojas&#8221;]\n<h3 style=\"text-align: center;\">Lunes<\/h3>\n<p style=\"text-align: center;\">11:30 hrs<\/p>\n[\/mvc_flip_box][vc_empty_space][\/vc_column_inner][vc_column_inner el_class=&#8221;cajita&#8221; width=&#8221;1\/3&#8243;][mvc_flip_box height=&#8221;250&#8243; lineheight=&#8221;&#8221; size=&#8221;25&#8243; descrsize=&#8221;18&#8243; front_bg=&#8221;#c3b7a1&#8243; title=&#8221;DESCUBRIENDO<small>LOS PODERES DEL CUARZO<\/small>&#8221; desc=&#8221;Domingo<br \/>\n<b>Ver Horarios<\/b>&#8221; color=&#8221;#ffffff&#8221; descrcolor=&#8221;#ffffff&#8221; bgcolor=&#8221;#01244a&#8221; class=&#8221;cajita2 cuarzo&#8221;]\n<h3 style=\"text-align: center;\">Lunes<\/h3>\n<p style=\"text-align: center;\">11:30 hrs<\/p>\n[\/mvc_flip_box][vc_empty_space][\/vc_column_inner][\/vc_row_inner][vc_row_inner][vc_column_inner width=&#8221;1\/3&#8243;][mvc_flip_box height=&#8221;250&#8243; lineheight=&#8221;&#8221; size=&#8221;25&#8243; descrsize=&#8221;18&#8243; front_bg=&#8221;#c3b7a1&#8243; title=&#8221;MEDITACI\u00d3N<small><\/small>&#8221; desc=&#8221;Lunes | Jueves | Viernes | S\u00e1bado | Domingo<br \/>\n<b>Ver Horarios<\/b>&#8221; color=&#8221;#ffffff&#8221; descrcolor=&#8221;#ffffff&#8221; bgcolor=&#8221;#01244a&#8221; class=&#8221;cajita meditacion&#8221;]\n<h3 style=\"text-align: center;\">Lunes<\/h3>\n<p style=\"text-align: center;\">11:30 hrs<\/p>\n[\/mvc_flip_box][vc_empty_space][\/vc_column_inner][vc_column_inner width=&#8221;1\/3&#8243;][mvc_flip_box height=&#8221;250&#8243; size=&#8221;25&#8243; descrsize=&#8221;18&#8243; front_bg=&#8221;#01244a&#8221; title=&#8221;DEGUSTACI\u00d3N<small>DE PULQUE EN LA CASA PRINCIPAL<\/small>&#8221; desc=&#8221;Viernes<br \/>\n<b>Ver Horarios<\/b>&#8221; color=&#8221;#ffffff&#8221; descrcolor=&#8221;#ffffff&#8221; bgcolor=&#8221;#01244a&#8221; class=&#8221;cajita2 pulque&#8221;]\n<h3 style=\"text-align: center;\">Lunes<\/h3>\n<p style=\"text-align: center;\">11:30 hrs<\/p>\n[\/mvc_flip_box][vc_empty_space][\/vc_column_inner][vc_column_inner el_class=&#8221;cajita&#8221; width=&#8221;1\/3&#8243;][mvc_flip_box height=&#8221;250&#8243; lineheight=&#8221;&#8221; size=&#8221;25&#8243; descrsize=&#8221;18&#8243; front_bg=&#8221;#c3b7a1&#8243; title=&#8221;YOGA<small><\/small>&#8221; desc=&#8221;Lunes | Jueves | Viernes | S\u00e1bado | Domingo<br \/>\n<b>Ver Horarios<\/b>&#8221; color=&#8221;#ffffff&#8221; descrcolor=&#8221;#ffffff&#8221; bgcolor=&#8221;#01244a&#8221; class=&#8221;cajita yoga&#8221;]\n<h3 style=\"text-align: center;\">Lunes<\/h3>\n<p style=\"text-align: center;\">11:30 hrs<\/p>\n[\/mvc_flip_box][vc_empty_space][\/vc_column_inner][\/vc_row_inner][vc_row_inner][vc_column_inner width=&#8221;1\/3&#8243;][mvc_flip_box height=&#8221;250&#8243; lineheight=&#8221;&#8221; size=&#8221;25&#8243; descrsize=&#8221;18&#8243; front_bg=&#8221;#c3b7a1&#8243; title=&#8221;CAMINATA<small><\/small>&#8221; desc=&#8221;Mi\u00e9rcoles<br \/>\n<b>Ver Horarios<\/b>&#8221; color=&#8221;#ffffff&#8221; descrcolor=&#8221;#ffffff&#8221; bgcolor=&#8221;#01244a&#8221; class=&#8221;cajita caminata&#8221;]\n<h3 style=\"text-align: center;\">Lunes<\/h3>\n<p style=\"text-align: center;\">11:30 hrs<\/p>\n<p>&nbsp;<\/p>\n[\/mvc_flip_box][vc_empty_space][\/vc_column_inner][vc_column_inner width=&#8221;1\/3&#8243;][mvc_flip_box height=&#8221;250&#8243; size=&#8221;25&#8243; descrsize=&#8221;18&#8243; front_bg=&#8221;#01244a&#8221; title=&#8221;HACIENDO PAN<small>de feria en MO<\/small>&#8221; desc=&#8221;Mi\u00e9rcoles<br \/>\n<b>Ver Horarios<\/b>&#8221; color=&#8221;#ffffff&#8221; descrcolor=&#8221;#ffffff&#8221; bgcolor=&#8221;#01244a&#8221; class=&#8221;cajita2 pan&#8221;]\n<h3 style=\"text-align: center;\">Lunes<\/h3>\n<p style=\"text-align: center;\">11:30 hrs<\/p>\n[\/mvc_flip_box][vc_empty_space][\/vc_column_inner][vc_column_inner width=&#8221;1\/3&#8243;][mvc_flip_box height=&#8221;250&#8243; size=&#8221;25&#8243; descrsize=&#8221;18&#8243; front_bg=&#8221;#01244a&#8221; title=&#8221;PREPARANDO<small>kombucha o lactofermentados en MO<\/small>&#8221; desc=&#8221;Viernes<br \/>\n<b>Ver Horarios<\/b>&#8221; color=&#8221;#ffffff&#8221; descrcolor=&#8221;#ffffff&#8221; bgcolor=&#8221;#01244a&#8221; class=&#8221;cajita2 kombucha&#8221;]\n<h3 style=\"text-align: center;\">Lunes<\/h3>\n<p style=\"text-align: center;\">11:30 hrs<\/p>\n[\/mvc_flip_box][vc_empty_space][\/vc_column_inner][\/vc_row_inner][vc_row_inner][vc_column_inner width=&#8221;1\/3&#8243;][\/vc_column_inner][vc_column_inner width=&#8221;1\/3&#8243;][mvc_flip_box height=&#8221;250&#8243; size=&#8221;25&#8243; descrsize=&#8221;18&#8243; front_bg=&#8221;#01244a&#8221; title=&#8221;Mixiolog\u00eda<small><\/small>&#8221; desc=&#8221;S\u00e1bado<br \/>\n<b>Ver Horarios<\/b>&#8221; color=&#8221;#ffffff&#8221; descrcolor=&#8221;#ffffff&#8221; bgcolor=&#8221;#01244a&#8221; class=&#8221;cajita2 mixiologia&#8221;]\n<h3 style=\"text-align: center;\">S\u00e1bado<\/h3>\n<p style=\"text-align: center;\">12:00 hrs<\/p>\n[\/mvc_flip_box][vc_empty_space][\/vc_column_inner][\/vc_row_inner][\/vc_column][\/vc_row]\n<\/section>","protected":false},"excerpt":{"rendered":"<p>[vc_row full_width=&#8221;stretch_row_content&#8221; color_set=&#8221;black_section&#8221; transparent=&#8221;transparent&#8221; row_padding_bottom=&#8221;padding_bottom_none&#8221; el_class=&#8221;negative_margin_top_95_front&#8221; css=&#8221;.vc_custom_1565901246990{margin-right: 0px !important;margin-bottom: 0px !important;margin-left: 0px !important;}&#8221;][vc_column][vc_row_inner transparent=&#8221;transparent&#8221;][vc_column_inner el_class=&#8221;caja_sh&#8221;][vc_column_text] Experiencia Amomoxtli [\/vc_column_text][\/vc_column_inner][\/vc_row_inner][vc_empty_space][\/vc_column][\/vc_row][vc_row row_padding_bottom=&#8221;padding_bottom_none&#8221;][vc_column][vc_row_inner][vc_column_inner width=&#8221;1\/2&#8243;][vc_column_text el_class=&#8221;text-justified&#8221;]La conexi\u00f3n con nuestro entorno, nuestros silencios, los sentidos, el placer simple, el agradecimiento a nuestro cuerpo y el aprecio a las tradiciones son las que nos empujan[\/vc_column_text][\/vc_column_inner][vc_column_inner width=&#8221;1\/2&#8243;][vc_column_text el_class=&#8221;text-justified&#8221;]a promover actividades cada d\u00eda de [&hellip;]<\/p>\n","protected":false},"author":1,"featured_media":4321,"parent":0,"menu_order":0,"comment_status":"closed","ping_status":"closed","template":"","meta":{"footnotes":""},"class_list":["post-3273","page","type-page","status-publish","has-post-thumbnail","hentry"],"_links":{"self":[{"href":"https:\/\/amomoxtli.com\/en\/wp-json\/wp\/v2\/pages\/3273","targetHints":{"allow":["GET"]}}],"collection":[{"href":"https:\/\/amomoxtli.com\/en\/wp-json\/wp\/v2\/pages"}],"about":[{"href":"https:\/\/amomoxtli.com\/en\/wp-json\/wp\/v2\/types\/page"}],"author":[{"embeddable":true,"href":"https:\/\/amomoxtli.com\/en\/wp-json\/wp\/v2\/users\/1"}],"replies":[{"embeddable":true,"href":"https:\/\/amomoxtli.com\/en\/wp-json\/wp\/v2\/comments?post=3273"}],"version-history":[{"count":84,"href":"https:\/\/amomoxtli.com\/en\/wp-json\/wp\/v2\/pages\/3273\/revisions"}],"predecessor-version":[{"id":5529,"href":"https:\/\/amomoxtli.com\/en\/wp-json\/wp\/v2\/pages\/3273\/revisions\/5529"}],"wp:featuredmedia":[{"embeddable":true,"href":"https:\/\/amomoxtli.com\/en\/wp-json\/wp\/v2\/media\/4321"}],"wp:attachment":[{"href":"https:\/\/amomoxtli.com\/en\/wp-json\/wp\/v2\/media?parent=3273"}],"curies":[{"name":"wp","href":"https:\/\/api.w.org\/{rel}","templated":true}]}}